{"id":1610,"date":"2022-02-12T10:03:41","date_gmt":"2022-02-12T10:03:41","guid":{"rendered":"http:\/\/new.fredericmartel.com\/?page_id=1610"},"modified":"2022-02-12T10:11:20","modified_gmt":"2022-02-12T10:11:20","slug":"articles","status":"publish","type":"page","link":"http:\/\/new.fredericmartel.com\/en\/articles\/","title":{"rendered":"ARTICLES"},"content":{"rendered":"<div class=\"fusion-fullwidth fullwidth-box fusion-builder-row-1 fusion-flex-container nonhundred-percent-fullwidth non-hundred-percent-height-scrolling\" style=\"background-color: rgba(255,255,255,0);background-position: center center;background-repeat: no-repeat;border-width: 0px 0px 0px 0px;border-color:#e2e2e2;border-style:solid;\" ><div class=\"fusion-builder-row fusion-row fusion-flex-align-items-flex-start\" style=\"max-width:1248px;margin-left: calc(-4% \/ 2 );margin-right: calc(-4% \/ 2 );\"><div class=\"fusion-layout-column fusion_builder_column fusion-builder-column-0 fusion_builder_column_1_1 1_1 fusion-flex-column\"><div class=\"fusion-column-wrapper fusion-flex-justify-content-flex-start fusion-content-layout-column\" style=\"background-position:left top;background-repeat:no-repeat;-webkit-background-size:cover;-moz-background-size:cover;-o-background-size:cover;background-size:cover;padding: 0px 0px 0px 0px;\"><div class=\"fusion-blog-shortcode fusion-blog-shortcode-1 fusion-blog-archive fusion-blog-layout-large fusion-blog-no fusion-blog-no-images\"><div class=\"fusion-posts-container fusion-posts-container-no\" data-pages=\"0\"><article id=\"blog-1-post-1555\" class=\"fusion-post-large post-1555 post type-post status-publish format-standard hentry category-articles category-books tag-pride-and-prejudice\">\n<div class=\"fusion-post-content post-content\"><h2 class=\"blog-shortcode-post-title entry-title\"><a href=\"http:\/\/new.fredericmartel.com\/en\/pride-and-prejudice-the-gay-question-a-new-book-by-frederic-martel-to-be-published-on-march-10-2022\/\">Pride and Prejudice, The Gay Question: a new book by Fr\u00e9d\u00e9ric Martel to be published on March 10, 2022<\/a><\/h2><div class=\"fusion-post-content-container\"><p>On March 10, \u00c9ditions Bouquins will publish a new book by Fr\u00e9d\u00e9ric Martel: Fiert\u00e9s et pr\u00e9jug\u00e9s (Pride and Prejudice, The Gay Question). Longtemps, les homosexuels ont \u00e9t\u00e9 discrimin\u00e9s \u00e0 cause des pr\u00e9jug\u00e9s\u00a0; aujourd\u2019hui, les gays et les lesbiennes f\u00eatent leur \u00e9mancipation avec fiert\u00e9. Comment sommes-nous pass\u00e9s, en cinquante ans seulement, [...]<\/p><\/div><\/div><div class=\"fusion-clearfix\"><\/div><div class=\"fusion-meta-info\"><div class=\"fusion-alignleft\"><span class=\"vcard\" style=\"display: none;\"><span class=\"fn\"><a href=\"http:\/\/new.fredericmartel.com\/en\/author\/andres\/\" title=\"Posts by andres\" rel=\"author\">andres<\/a><\/span><\/span><span class=\"updated\" style=\"display:none;\">2022-02-11T00:17:29+00:00<\/span><span class=\"meta-tags\">Tags: <a href=\"http:\/\/new.fredericmartel.com\/en\/tag\/pride-and-prejudice\/\" rel=\"tag\">Pride and Prejudice<\/a><\/span><span class=\"fusion-inline-sep\">|<\/span><\/div><\/div><\/article>\n<article id=\"blog-1-post-1169\" class=\"fusion-post-large post-1169 post type-post status-publish format-standard hentry category-articles category-books tag-in-the-closet-of-the-vatican\">\n<div class=\"fusion-post-content post-content\"><h2 class=\"blog-shortcode-post-title entry-title\"><a href=\"http:\/\/new.fredericmartel.com\/en\/pour-le-fondateur-du-centre-jacques-maritain-ce-dernier-avait-une-indeniable-tendance-homophile\/\">Pour le fondateur du centre Jacques Maritain, ce dernier avait \u00ab une ind\u00e9niable tendance homophile \u00bb<\/a><\/h2><div class=\"fusion-post-content-container\"><p>Yves Floucat est un philosophe thomiste fran\u00e7ais, sp\u00e9cialiste internationalement reconnu de l\u2019\u0153uvre de Jacques Maritain et de celle de saint Thomas d\u2019Aquin. Il est ma\u00eetre de conf\u00e9rences honoraire \u00e0 la Facult\u00e9 de philosophie de l\u2019Institut catholique de Toulouse et membre de l\u2019Acad\u00e9mie Pontificale Saint Thomas d\u2019Aquin. Il est le fondateur [...]<\/p><\/div><\/div><div class=\"fusion-clearfix\"><\/div><div class=\"fusion-meta-info\"><div class=\"fusion-alignleft\"><span class=\"vcard\" style=\"display: none;\"><span class=\"fn\"><a href=\"http:\/\/new.fredericmartel.com\/en\/author\/andres\/\" title=\"Posts by andres\" rel=\"author\">andres<\/a><\/span><\/span><span class=\"updated\" style=\"display:none;\">2022-02-11T18:33:50+00:00<\/span><span class=\"meta-tags\">Tags: <a href=\"http:\/\/new.fredericmartel.com\/en\/tag\/in-the-closet-of-the-vatican\/\" rel=\"tag\">In the Closet of the Vatican<\/a><\/span><span class=\"fusion-inline-sep\">|<\/span><\/div><\/div><\/article>\n<article id=\"blog-1-post-1147\" class=\"fusion-post-large post-1147 post type-post status-publish format-standard hentry category-articles category-books tag-in-the-closet-of-the-vatican\">\n<div class=\"fusion-post-content post-content\"><h2 class=\"blog-shortcode-post-title entry-title\"><a href=\"http:\/\/new.fredericmartel.com\/en\/in-the-closet-of-the-vaticans-new-chapter-on-the-quest-of-sodom\/\">In the Closet of the Vatican\u2019s New Chapter \u2013 On the Quest of Sodom<\/a><\/h2><div class=\"fusion-post-content-container\"><p>Some chapters have not been published in In the Closet of the Vatican given the format and length of the book. They are or will be published soon in several supports. Chapter: On the Quest of Sodom \u2022 In French \u2022 In Portuguese \u2022 In Spanish \u2022 In Hebrew (excerpts) [...]<\/p><\/div><\/div><div class=\"fusion-clearfix\"><\/div><div class=\"fusion-meta-info\"><div class=\"fusion-alignleft\"><span class=\"vcard\" style=\"display: none;\"><span class=\"fn\"><a href=\"http:\/\/new.fredericmartel.com\/en\/author\/andres\/\" title=\"Posts by andres\" rel=\"author\">andres<\/a><\/span><\/span><span class=\"updated\" style=\"display:none;\">2022-02-11T18:37:41+00:00<\/span><span class=\"meta-tags\">Tags: <a href=\"http:\/\/new.fredericmartel.com\/en\/tag\/in-the-closet-of-the-vatican\/\" rel=\"tag\">In the Closet of the Vatican<\/a><\/span><span class=\"fusion-inline-sep\">|<\/span><\/div><\/div><\/article>\n<article id=\"blog-1-post-1133\" class=\"fusion-post-large post-1133 post type-post status-publish format-standard hentry category-articles category-books tag-in-the-closet-of-the-vatican\">\n<div class=\"fusion-post-content post-content\"><h2 class=\"blog-shortcode-post-title entry-title\"><a href=\"http:\/\/new.fredericmartel.com\/en\/catholics-dont-like-the-truth-a-response-to-my-critics\/\">Catholics Don\u2019t Like the Truth \u2013 A Response to My Critics<\/a><\/h2><div class=\"fusion-post-content-container\"><p>By F. Martel, June 2019 On : Syndicate \u00a0 The publication of\u00a0In the Closet of the Vatican\u00a0was timely. This is confirmed by its considerable, unexpected, and unprecedented success in over fifty countries\u2014eight translations, with another ten in progress\u2014\u201cover 300,000 copies already sold\u201d (says the French weekly magazine L\u2019Obs). Since its [...]<\/p><\/div><\/div><div class=\"fusion-clearfix\"><\/div><div class=\"fusion-meta-info\"><div class=\"fusion-alignleft\"><span class=\"vcard\" style=\"display: none;\"><span class=\"fn\"><a href=\"http:\/\/new.fredericmartel.com\/en\/author\/andres\/\" title=\"Posts by andres\" rel=\"author\">andres<\/a><\/span><\/span><span class=\"updated\" style=\"display:none;\">2022-02-11T18:51:15+00:00<\/span><span class=\"meta-tags\">Tags: <a href=\"http:\/\/new.fredericmartel.com\/en\/tag\/in-the-closet-of-the-vatican\/\" rel=\"tag\">In the Closet of the Vatican<\/a><\/span><span class=\"fusion-inline-sep\">|<\/span><\/div><\/div><\/article>\n<article id=\"blog-1-post-866\" class=\"fusion-post-large post-866 post type-post status-publish format-standard hentry category-articles category-books tag-smart-2\">\n<div class=\"fusion-post-content post-content\"><h2 class=\"blog-shortcode-post-title entry-title\"><a href=\"http:\/\/new.fredericmartel.com\/en\/presentation-of-smart-2\/\">Presentation of Smart<\/a><\/h2><div class=\"fusion-post-content-container\"><p>SMART \u2013 The internets (Publisher:Stock-France, April 2014) Download the booklet\u00a0here (PDF) Download the book cover here (PDF) Everything in this book is accelerating. Digitisation is increasing globalisation tenfold; social networks have gone mobile: telephone, television and towns themselves have gone \u201csmart\u201d. How did China manage to create clones of Google, [...]<\/p><\/div><\/div><div class=\"fusion-clearfix\"><\/div><div class=\"fusion-meta-info\"><div class=\"fusion-alignleft\"><span class=\"vcard\" style=\"display: none;\"><span class=\"fn\"><a href=\"http:\/\/new.fredericmartel.com\/en\/author\/frederic\/\" title=\"Posts by frederic\" rel=\"author\">frederic<\/a><\/span><\/span><span class=\"updated\" style=\"display:none;\">2022-02-11T18:42:55+00:00<\/span><span class=\"meta-tags\">Tags: <a href=\"http:\/\/new.fredericmartel.com\/en\/tag\/smart-2\/\" rel=\"tag\">Smart<\/a><\/span><span class=\"fusion-inline-sep\">|<\/span><\/div><\/div><\/article>\n<article id=\"blog-1-post-1273\" class=\"fusion-post-large post-1273 post type-post status-publish format-standard hentry category-articles category-books tag-smart-2\">\n<div class=\"fusion-post-content post-content\"><h2 class=\"blog-shortcode-post-title entry-title\"><a href=\"http:\/\/new.fredericmartel.com\/en\/internet-lenquete-qui-bouscule-les-idees-recues-le-point-18-avril-2014\/\">\u00ab Internet : l\u2019enqu\u00eate qui bouscule les id\u00e9es re\u00e7ues \u00bb (Le Point, 18 avril 2014)<\/a><\/h2><div class=\"fusion-post-content-container\"><p>Le chercheur Fr\u00e9d\u00e9ric Martel publie \u00ab\u00a0Smart\u00a0\u00bb (Stock), un passionnant voyage dans les capitales du num\u00e9rique, de la Silicon Valley \u00e0 l\u2019Afrique du Sud. Il montre que la mondialisation ne se traduit pas par une uniformisation. Au contraire, \u00ab\u00a0l\u2019Internet global n\u2019existe pas et n\u2019existera pas\u00a0\u00bb. par Guillaume Grallet Fr\u00e9d\u00e9ric Martel est [...]<\/p><\/div><\/div><div class=\"fusion-clearfix\"><\/div><div class=\"fusion-meta-info\"><div class=\"fusion-alignleft\"><span class=\"vcard\" style=\"display: none;\"><span class=\"fn\"><a href=\"http:\/\/new.fredericmartel.com\/en\/author\/frederic\/\" title=\"Posts by frederic\" rel=\"author\">frederic<\/a><\/span><\/span><span class=\"updated\" style=\"display:none;\">2022-02-11T18:49:16+00:00<\/span><span class=\"meta-tags\">Tags: <a href=\"http:\/\/new.fredericmartel.com\/en\/tag\/smart-2\/\" rel=\"tag\">Smart<\/a><\/span><span class=\"fusion-inline-sep\">|<\/span><\/div><\/div><\/article>\n<\/div><\/div><\/div><style type=\"text\/css\">.fusion-body .fusion-builder-column-0{width:100% !important;margin-top : 0px;margin-bottom : 20px;}.fusion-builder-column-0 > .fusion-column-wrapper {padding-top : 0px !important;padding-right : 0px !important;margin-right : 1.92%;padding-bottom : 0px !important;padding-left : 0px !important;margin-left : 1.92%;}@media only screen and (max-width:1024px) {.fusion-body .fusion-builder-column-0{width:100% !important;order : 0;}.fusion-builder-column-0 > .fusion-column-wrapper {margin-right : 1.92%;margin-left : 1.92%;}}@media only screen and (max-width:640px) {.fusion-body .fusion-builder-column-0{width:100% !important;order : 0;}.fusion-builder-column-0 > .fusion-column-wrapper {margin-right : 1.92%;margin-left : 1.92%;}}<\/style><\/div><\/div><style type=\"text\/css\">.fusion-body .fusion-flex-container.fusion-builder-row-1{ padding-top : 0px;margin-top : 0px;padding-right : 0px;padding-bottom : 0px;margin-bottom : 0px;padding-left : 0px;}<\/style><\/div>\n","protected":false},"excerpt":{"rendered":"","protected":false},"author":1,"featured_media":0,"parent":0,"menu_order":0,"comment_status":"closed","ping_status":"closed","template":"","meta":[],"_links":{"self":[{"href":"http:\/\/new.fredericmartel.com\/en\/wp-json\/wp\/v2\/pages\/1610"}],"collection":[{"href":"http:\/\/new.fredericmartel.com\/en\/wp-json\/wp\/v2\/pages"}],"about":[{"href":"http:\/\/new.fredericmartel.com\/en\/wp-json\/wp\/v2\/types\/page"}],"author":[{"embeddable":true,"href":"http:\/\/new.fredericmartel.com\/en\/wp-json\/wp\/v2\/users\/1"}],"replies":[{"embeddable":true,"href":"http:\/\/new.fredericmartel.com\/en\/wp-json\/wp\/v2\/comments?post=1610"}],"version-history":[{"count":4,"href":"http:\/\/new.fredericmartel.com\/en\/wp-json\/wp\/v2\/pages\/1610\/revisions"}],"predecessor-version":[{"id":1616,"href":"http:\/\/new.fredericmartel.com\/en\/wp-json\/wp\/v2\/pages\/1610\/revisions\/1616"}],"wp:attachment":[{"href":"http:\/\/new.fredericmartel.com\/en\/wp-json\/wp\/v2\/media?parent=1610"}],"curies":[{"name":"wp","href":"https:\/\/api.w.org\/{rel}","templated":true}]}}