{"id":433,"date":"2021-06-14T13:57:45","date_gmt":"2021-06-14T13:57:45","guid":{"rendered":"http:\/\/new.fredericmartel.com\/global-gay\/"},"modified":"2022-02-11T15:54:06","modified_gmt":"2022-02-11T15:54:06","slug":"global-gay","status":"publish","type":"page","link":"http:\/\/new.fredericmartel.com\/es\/books\/global-gay\/","title":{"rendered":"Global Gay"},"content":{"rendered":"<div class=\"fusion-fullwidth fullwidth-box fusion-builder-row-1 fusion-flex-container nonhundred-percent-fullwidth non-hundred-percent-height-scrolling\" style=\"background-color: rgba(255,255,255,0);background-position: center center;background-repeat: no-repeat;border-width: 0px 0px 0px 0px;border-color:#e2e2e2;border-style:solid;\" ><div class=\"fusion-builder-row fusion-row fusion-flex-align-items-flex-start\" style=\"max-width:1248px;margin-left: calc(-4% \/ 2 );margin-right: calc(-4% \/ 2 );\"><div class=\"fusion-layout-column fusion_builder_column fusion-builder-column-0 fusion_builder_column_1_4 1_4 fusion-flex-column\"><div class=\"fusion-column-wrapper fusion-flex-justify-content-flex-start fusion-content-layout-column\" style=\"background-position:left top;background-repeat:no-repeat;-webkit-background-size:cover;-moz-background-size:cover;-o-background-size:cover;background-size:cover;padding: 0px 0px 0px 0px;\"><div ><span class=\" fusion-imageframe imageframe-none imageframe-1 hover-type-none\" style=\"border:1px solid #e2e2e2;\"><img width=\"200\" height=\"324\" alt=\"Global Gay\" title=\"Globay Gay\" src=\"http:\/\/new.fredericmartel.com\/wp-content\/uploads\/2022\/02\/global-gay-es.jpg\" class=\"img-responsive wp-image-1384\"\/><\/span><\/div><\/div><style type=\"text\/css\">.fusion-body .fusion-builder-column-0{width:25% !important;margin-top : 0px;margin-bottom : 18px;}.fusion-builder-column-0 > .fusion-column-wrapper {padding-top : 0px !important;padding-right : 0px !important;margin-right : 7.68%;padding-bottom : 0px !important;padding-left : 0px !important;margin-left : 7.68%;}@media only screen and (max-width:1024px) {.fusion-body .fusion-builder-column-0{width:25% !important;order : 0;}.fusion-builder-column-0 > .fusion-column-wrapper {margin-right : 7.68%;margin-left : 7.68%;}}@media only screen and (max-width:640px) {.fusion-body .fusion-builder-column-0{width:100% !important;order : 0;}.fusion-builder-column-0 > .fusion-column-wrapper {margin-right : 1.92%;margin-left : 1.92%;}}<\/style><\/div><div class=\"fusion-layout-column fusion_builder_column fusion-builder-column-1 fusion_builder_column_3_4 3_4 fusion-flex-column\"><div class=\"fusion-column-wrapper fusion-flex-justify-content-flex-start fusion-content-layout-column\" style=\"background-position:left top;background-repeat:no-repeat;-webkit-background-size:cover;-moz-background-size:cover;-o-background-size:cover;background-size:cover;padding: 0px 0px 0px 0px;\"><div class=\"fusion-testimonials classic fusion-testimonials-1\" data-random=\"0\" data-speed=\"4000\"><style type=\"text\/css\">#fusion-testimonials-1 a{border-color:#4a4e57;}#fusion-testimonials-1 a:hover, #fusion-testimonials-1 .activeSlide{background-color: #4a4e57;}.fusion-testimonials.classic.fusion-testimonials-1 .author:after{border-top-color:#f9f9fb !important;}<\/style><div class=\"reviews\"><div class=\"review active-testimonial no-avatar\"><blockquote><q style=\"background-color:#f9f9fb;color:#4a4e57;\" class=\"fusion-clearfix\">\n<p><em>\u00abLibro-investigaci\u00f3n que se lee como una historia que cuenta la nueva batalla de los derechos humanos.\u00bb<\/em> \u2013\u00a0<strong><i>Slate<\/i><\/strong><\/p>\n<p><em>\u00abLa homosexualidad presenta mil caras distintas en todo el mundo y este formidable ensayo sociol\u00f3gico sobre la revoluci\u00f3n gay firmado por Fr\u00e9d\u00e9ric Martel ofrece una s\u00edntesis esclarecedora.\u00bb<\/em> \u2013\u00a0<strong><i>Le Point<\/i><\/strong><\/p>\n<p><em>\u00abCuando Fr\u00e9d\u00e9ric Martel dice que se ha propuesto averiguar c\u00f3mo funciona un fen\u00f3meno de masas, va en serio. Quiere decir que va a pasar a\u00f1os viajando por una cincuentena de pa\u00edses de todo el mundo, que va a entrevistar a miles de personajes peque\u00f1os y grandes y va a escribir un libro con conclusiones a las que pocos hemos llegado antes.\u00bb<\/em> \u2013\u00a0<strong><i>ICON<\/i><\/strong><\/p>\n<\/q><\/blockquote><div class=\"author\" style=\"color:#4a4e57;\"><span class=\"company-name\"><\/span><\/div><\/div><\/div><\/div><\/div><style type=\"text\/css\">.fusion-body .fusion-builder-column-1{width:75% !important;margin-top : 0px;margin-bottom : 20px;}.fusion-builder-column-1 > .fusion-column-wrapper {padding-top : 0px !important;padding-right : 0px !important;margin-right : 2.56%;padding-bottom : 0px !important;padding-left : 0px !important;margin-left : 2.56%;}@media only screen and (max-width:1024px) {.fusion-body .fusion-builder-column-1{width:75% !important;order : 0;}.fusion-builder-column-1 > .fusion-column-wrapper {margin-right : 2.56%;margin-left : 2.56%;}}@media only screen and (max-width:640px) {.fusion-body .fusion-builder-column-1{width:100% !important;order : 0;}.fusion-builder-column-1 > .fusion-column-wrapper {margin-right : 1.92%;margin-left : 1.92%;}}<\/style><\/div><div class=\"fusion-layout-column fusion_builder_column fusion-builder-column-2 fusion_builder_column_1_4 1_4 fusion-flex-column\"><div class=\"fusion-column-wrapper fusion-flex-justify-content-flex-start fusion-content-layout-column\" style=\"background-position:left top;background-repeat:no-repeat;-webkit-background-size:cover;-moz-background-size:cover;-o-background-size:cover;background-size:cover;padding: 0px 0px 0px 0px;\"><div class=\"fusion-text fusion-text-1\"><p>Comprar en <a href=\"https:\/\/www.penguinlibros.com\/cl\/economia-politica-y-actualidad\/130078-ebook-global-gay\" target=\"_blank\" rel=\"noopener\">Espa\u00f1a <\/a>y <a href=\"https:\/\/www.penguinlibros.com\/mx\/economia-politica-y-actualidad\/39765-libro-global-gay-9786071128959\" target=\"_blank\" rel=\"noopener\">Latinoam\u00e9rica<\/a><\/p>\n<\/div><\/div><style type=\"text\/css\">.fusion-body .fusion-builder-column-2{width:25% !important;margin-top : 10px;margin-bottom : 20px;}.fusion-builder-column-2 > .fusion-column-wrapper {padding-top : 0px !important;padding-right : 0px !important;margin-right : 7.68%;padding-bottom : 0px !important;padding-left : 0px !important;margin-left : 7.68%;}@media only screen and (max-width:1024px) {.fusion-body .fusion-builder-column-2{width:25% !important;order : 0;}.fusion-builder-column-2 > .fusion-column-wrapper {margin-right : 7.68%;margin-left : 7.68%;}}@media only screen and (max-width:640px) {.fusion-body .fusion-builder-column-2{width:100% !important;order : 0;}.fusion-builder-column-2 > .fusion-column-wrapper {margin-right : 1.92%;margin-left : 1.92%;}}<\/style><\/div><div class=\"fusion-layout-column fusion_builder_column fusion-builder-column-3 fusion_builder_column_3_4 3_4 fusion-flex-column\"><div class=\"fusion-column-wrapper fusion-flex-justify-content-flex-start fusion-content-layout-column\" style=\"background-position:left top;background-repeat:no-repeat;-webkit-background-size:cover;-moz-background-size:cover;-o-background-size:cover;background-size:cover;padding: 0px 0px 0px 0px;\"><style type=\"text\/css\">.fusion-accordian  #accordion-433-1 .panel-title a .fa-fusion-box{ color: #ff8989;}.fusion-accordian  #accordion-433-1 .panel-title a .fa-fusion-box:before{ font-size: 16px; width: 16px;}.fusion-accordian  #accordion-433-1 .panel-title a{font-size:28px;}.fusion-accordian  #accordion-433-1 .panel-title a:hover, #accordion-433-1 .fusion-toggle-boxed-mode:hover .panel-title a { color: #ff5b5b;}.fusion-accordian  #accordion-433-1 .fusion-toggle-boxed-mode:hover .panel-title a .fa-fusion-box{ color: #ff5b5b;}.fusion-accordian  #accordion-433-1.fusion-toggle-icon-unboxed .fusion-panel .panel-title a:hover .fa-fusion-box{ color: #ff5b5b !important;}<\/style><div class=\"accordian fusion-accordian\"><div class=\"panel-group fusion-toggle-icon-unboxed\" id=\"accordion-433-1\"><div class=\"fusion-panel panel-default\"><div class=\"panel-heading\"><h4 class=\"panel-title toggle\"><a class=\"active\" aria-expanded=\"true\" aria-controls=\"80637abc73f790b55\" role=\"button\" data-toggle=\"collapse\" data-target=\"#80637abc73f790b55\" href=\"#80637abc73f790b55\"><span class=\"fusion-toggle-icon-wrapper\" aria-hidden=\"true\"><i class=\"fa-fusion-box\" aria-hidden=\"true\"><\/i><\/span><span class=\"fusion-toggle-heading\">Fuentes y bibliograf\u00eda<\/span><\/a><\/h4><\/div><div id=\"80637abc73f790b55\" class=\"panel-collapse collapse in\"><div class=\"panel-body toggle-content fusion-clearfix\">\n<p><a href=\"http:\/\/new.fredericmartel.com\/wp-content\/uploads\/2022\/02\/sources-global-gay.pdf\" target=\"_blank\" rel=\"noopener\">Fuentes, bibliograf\u00eda y agradecimientos<\/a> (pdf)<\/p>\n<\/div><\/div><\/div><div class=\"fusion-panel panel-default\"><div class=\"panel-heading\"><h4 class=\"panel-title toggle\"><a class=\"active\" aria-expanded=\"true\" aria-controls=\"fa55a5bbd68479be3\" role=\"button\" data-toggle=\"collapse\" data-target=\"#fa55a5bbd68479be3\" href=\"#fa55a5bbd68479be3\"><span class=\"fusion-toggle-icon-wrapper\" aria-hidden=\"true\"><i class=\"fa-fusion-box\" aria-hidden=\"true\"><\/i><\/span><span class=\"fusion-toggle-heading\">Documentos y lecturas adicionales<\/span><\/a><\/h4><\/div><div id=\"fa55a5bbd68479be3\" class=\"panel-collapse collapse in\"><div class=\"panel-body toggle-content fusion-clearfix\">\n<p>Mapa global sobre los derechos LGBT: <a href=\"http:\/\/www.equaldex.com\/\" target=\"_blank\" rel=\"noopener noreferrer\">Equaldex<\/a><\/p>\n<p>Documentos del Groupe de travail sur la d\u00e9p\u00e9nalisation universelle de l\u2019homosexualit\u00e9 (IRIS): ver documentos y mapa <a href=\"http:\/\/www.iris-france.org\/analyse\/depenalisation_universelle_homosexualite.php\">aqu\u00ed<\/a><\/p>\n<p>El debate sobre el matrimonio entre personas del mismo sexo en Estados Unidos, estado por estado: <a href=\"http:\/\/www.guardian.co.uk\/world\/interactive\/2012\/may\/08\/gay-rights-united-states\">infograf\u00eda<\/a><\/p>\n<\/div><\/div><\/div><div class=\"fusion-panel panel-default\"><div class=\"panel-heading\"><h4 class=\"panel-title toggle\"><a aria-expanded=\"false\" aria-controls=\"7eb720172077e9614\" role=\"button\" data-toggle=\"collapse\" data-target=\"#7eb720172077e9614\" href=\"#7eb720172077e9614\"><span class=\"fusion-toggle-icon-wrapper\" aria-hidden=\"true\"><i class=\"fa-fusion-box\" aria-hidden=\"true\"><\/i><\/span><span class=\"fusion-toggle-heading\">En los medios<\/span><\/a><\/h4><\/div><div id=\"7eb720172077e9614\" class=\"panel-collapse collapse \"><div class=\"panel-body toggle-content fusion-clearfix\">\n<p><strong>Selecci\u00f3n de la cobertura medi\u00e1tica internacional de\u00a0 <em>Global Gay<\/em> (traducido a una docena de idiomas) :<\/strong><\/p>\n<p><em>(para las rese\u00f1as en Francia, ver esta misma p\u00e1gina en franc\u00e9s<\/em><em>)<\/em><\/p>\n<p><strong><em>Global Gay<\/em> ha sido publicado en castellano en Espa\u00f1a y Latinoam\u00e9rica (Penguin Random House\/Taurus), ingl\u00e9s (MIT Press), italiano (Feltrinelli), japon\u00e9s (Iwanami), coreano (Geulhangari), portugu\u00e9s\/Brasil (Record) y chino tradicional (Taiw\u00e1n y Hong Kong).<\/strong><\/p>\n<p>JAPAN :\u00a0<em>Global Gay<\/em>\u00a0has been published in japanese in December 2017 : See the article in the book review by Wataru Sawamura, for the\u00a0<a href=\"http:\/\/book.asahi.com\/reviews\/column\/2017012200012.html\" target=\"_blank\" rel=\"noopener noreferrer\">Asahi Shimbun<\/a>, the main Japanese daily newspape (Feb 22, 2017). Another book review in the weekly\u00a0<a href=\"http:\/\/dokushojin.com\/article.html?i=810\" target=\"_blank\" rel=\"noopener noreferrer\">Shukan Dokusho-jin<\/a>, a leading book-review journal for intellectuals (Feb.3, No. 3175). See also three other articles in japanese in the Tokyo Press<\/p>\n<p>PERU (Lima) : Review of \u00ab\u00a0Global Gay\u00a0\u00bb in\u00a0<a href=\"http:\/\/elcomercio.pe\/luces\/libros\/fil-lima-2015-presentaran-global-gay-frederic-martel-noticia-1826282?ref=nota_luces&amp;ft=mod_leatambien&amp;e=titulo\" target=\"_blank\" rel=\"noopener noreferrer\">El Comercio<\/a>\u00a0(Lima, Peru) and\u00a0<a href=\"http:\/\/diario16.pe\/noticia\/61463-frederic-martel-el-lugar-donde-existen-mas-gays-es-propio-vaticano\" target=\"_blank\" rel=\"noopener noreferrer\">Diario 16<\/a>\u00a0(Lima, Peru). [+ others articles and interviews during the \u00ab\u00a0International Book Fair\u00a0\u00bb in Lima in July 2015.]\n<p>MEXICO : Severals interviews and reviews of \u00ab\u00a0Smart\u00a0\u00bb, \u00ab\u00a0Mainstream\u00a0\u00bb and \u00ab\u00a0Global Gay\u00a0\u00bb when translated in spanish in Mexico (November 2014) : among them see :\u00a0<a href=\"http:\/\/www.informador.com.mx\/cultura\/2014\/558290\/6\/el-mainstream-no-se-repite-a-si-mismo-dice-frederic-martel.htm\" target=\"_blank\" rel=\"noopener noreferrer\">Informador.mx<\/a>\u00a0;\u00a0<a href=\"http:\/\/200.4.48.84\/newsletters\/utils\/ver_notas.php?id=3567961\" target=\"_blank\" rel=\"noopener noreferrer\">Animal Polico<\/a>\u00a0(Antonio Martinez) ; \u00a0<a href=\"http:\/\/200.4.48.84\/newsletters\/utils\/ver_notas.php?id=3564514\" target=\"_blank\" rel=\"noopener noreferrer\">wradio.com.mx<\/a>\u00a0;\u00a0<a href=\"http:\/\/200.4.48.84\/newsletters\/utils\/ver_notas.php?id=3563394\" target=\"_blank\" rel=\"noopener noreferrer\">Televisa Radio<\/a>\u00a0;\u00a0<a href=\"http:\/\/200.4.48.84\/newsletters\/utils\/ver_notas.php?id=3566591\" target=\"_blank\" rel=\"noopener noreferrer\">Yuriria Sierra\u2019 Radio Talk Show<\/a>\u00a0etc.<\/p>\n<p>ARGENTINA : Severals interviews and reviews of \u00ab\u00a0Smart\u00a0\u00bb, \u00ab\u00a0Mainstream\u00a0\u00bb and \u00ab\u00a0Global Gay\u00a0\u00bb when translated in spanish in Argentina (November 2014) : among them see :\u00a0<a href=\"http:\/\/www.revistaenie.clarin.com\/ideas\/Entrevista_Frederic_Martel_0_495550710.html\" target=\"_blank\" rel=\"noopener noreferrer\">\u00d1-Clarin<\/a>\u00a0(cultural supplement) ;\u00a0<a href=\"http:\/\/www.lanacion.com.ar\/1745964-frederic-martel-el-entretenimiento-puede-ser-arte-es-parte-de-la-cultura\" target=\"_blank\" rel=\"noopener noreferrer\">La Nacion<\/a>\u00a0(interview) ;\u00a0<a href=\"http:\/\/www.lanacion.com.ar\/1734717-guerra-de-blockbusters\" target=\"_blank\" rel=\"noopener noreferrer\">La Nacion<\/a>\u00a0(article) ;\u00a0<a href=\"http:\/\/reportepublicidad.com\/reportaje-a-frederic-martel\/\" target=\"_blank\" rel=\"noopener noreferrer\">Reporte Publicidad<\/a>\u00a0;\u00a0<a href=\"http:\/\/www.rollingstone.com.ar\/1740971-frederic-martel-la-unica-cultura-global-es-la-de-estados-unidos\" target=\"_blank\" rel=\"noopener noreferrer\">Rolling Stone Argentina<\/a>\u00a0;\u00a0<a href=\"http:\/\/www.telam.com.ar\/notas\/201411\/84114-en-internet-hay-que-producir-el-contenido-propio-o-estas-muerto.html\" target=\"_blank\" rel=\"noopener noreferrer\">T\u00e9lam<\/a>\u00a0;\u00a0<a href=\"https:\/\/ar.noticias.yahoo.com\/blogs\/novedades-babel\/fr%C3%A9d%C3%A9ric-martel--el-soci%C3%B3logo-que-simpatiza-con-la-cultura-de-masas-181702511.html\" target=\"_blank\" rel=\"noopener noreferrer\">Yahoo Noticias<\/a>\u00a0;\u00a0<a href=\"http:\/\/www.mdzol.com\/entrevista\/570677\/\" target=\"_blank\" rel=\"noopener noreferrer\">Radio MDZ<\/a>\u00a0etc.<\/p>\n<p>ITALY : Interview about \u00ab\u00a0Global Gay\u00a0\u00bb in Italian :\u00a0<a href=\"http:\/\/www.gay.it\/news\/Fred-ric-Martel---Cosi-si-vince-la-battaglia-sul-matrimonio-gay-per-tutti\" target=\"_blank\" rel=\"noopener noreferrer\">gay.it\u00a0<\/a>(26\/10\/2014)<\/p>\n<p>PERU : Interview on \u00ab\u00a0Global Gay\u00a0\u00bb at\u00a0<a href=\"https:\/\/elarriero.lamula.pe\/2014\/10\/30\/global-gay\/javierto\/\" target=\"_blank\" rel=\"noopener noreferrer\">LaMula.pe<\/a>\u00a0; and in\u00a0<a href=\"http:\/\/cronicasdeladiversidad.com\/entrevistas.html\" target=\"_blank\" rel=\"noopener noreferrer\">Cronicas de la Diversidad<\/a>\u00a0(October 2014)<\/p>\n<p>COLOMBIA : Interview on \u00ab\u00a0Global Gay\u00a0\u00bb and \u00ab\u00a0Smart\u00a0\u00bb in october 2014 : for El Espectador (leading newspaper in Bogota, Colombia) :\u00a0<a href=\"http:\/\/www.elespectador.com\/noticias\/elmundo\/una-mirada-al-mundo-gay-articulo-520750\">El Espectador<\/a>\u00a0(link in Spanish) or\u00a0<a href=\"https:\/\/fredericmartel.com\/wp-content\/uploads\/2014\/04\/FMartel.pdf\">El Espectador<\/a>\u00a0(PDF in spanish). And a full time program interview for the National TV :\u00a0<a href=\"https:\/\/www.youtube.com\/watch?v=TEt4dMi_Uug&amp;list=UU9dlXziQF98YmN7A6gmgtqA\" target=\"_blank\" rel=\"noopener noreferrer\">Canal Capital \u00ab\u00a0El Sofa\u00a0\u00bb<\/a>.<\/p>\n<p>CHILE : Long interview about\u00a0<em>Global Gay<\/em>\u00a0and\u00a0<em>Smart<\/em>\u00a0in\u00a0<em>The Clinic<\/em>, an important magazine in Chile :\u00a0<a href=\"https:\/\/fredericmartel.com\/wp-content\/uploads\/2014\/04\/The-Clinic-Chili.pdf\">The Clinic<\/a>\u00a0(Chile, in Spanish) &amp; interview in the website\u00a0<a href=\"http:\/\/www.cooperativa.cl\/noticias\/tecnologia\/internet\/sociologo-frances-internet-nos-cambia-menos-de-lo-que-creemos-\/2014-11-21\/103219.html\" target=\"_blank\" rel=\"noopener noreferrer\">Cooperativa<\/a>\u00a0(Chile). (September 2014)<\/p>\n<\/div><\/div><\/div><\/div><\/div><\/div><style type=\"text\/css\">.fusion-body .fusion-builder-column-3{width:75% !important;margin-top : 0px;margin-bottom : 20px;}.fusion-builder-column-3 > .fusion-column-wrapper {padding-top : 0px !important;padding-right : 0px !important;margin-right : 2.56%;padding-bottom : 0px !important;padding-left : 0px !important;margin-left : 2.56%;}@media only screen and (max-width:1024px) {.fusion-body .fusion-builder-column-3{width:75% !important;order : 0;}.fusion-builder-column-3 > .fusion-column-wrapper {margin-right : 2.56%;margin-left : 2.56%;}}@media only screen and (max-width:640px) {.fusion-body .fusion-builder-column-3{width:100% !important;order : 0;}.fusion-builder-column-3 > .fusion-column-wrapper {margin-right : 1.92%;margin-left : 1.92%;}}<\/style><\/div><\/div><style type=\"text\/css\">.fusion-fullwidth.fusion-builder-row-1 a:not(.awb-custom-text-hover-color):not(.fusion-button):not(.fusion-builder-module-control):not(.fusion-social-network-icon):not(.fb-icon-element):not(.fusion-countdown-link):not(.fusion-rollover-link):not(.fusion-rollover-gallery):not(.fusion-button-bar):not(.add_to_cart_button):not(.show_details_button):not(.product_type_external):not(.fusion-view-cart):not(.fusion-quick-view):not(.fusion-rollover-title-link):not(.fusion-breadcrumb-link):hover, .fusion-fullwidth.fusion-builder-row-1 a:not(.awb-custom-text-hover-color):not(.fusion-button):not(.fusion-builder-module-control):not(.fusion-social-network-icon):not(.fb-icon-element):not(.fusion-countdown-link):not(.fusion-rollover-link):not(.fusion-rollover-gallery):not(.fusion-button-bar):not(.add_to_cart_button):not(.show_details_button):not(.product_type_external):not(.fusion-view-cart):not(.fusion-quick-view):not(.fusion-rollover-title-link):not(.fusion-breadcrumb-link):hover:before, .fusion-fullwidth.fusion-builder-row-1 a:not(.awb-custom-text-hover-color):not(.fusion-button):not(.fusion-builder-module-control):not(.fusion-social-network-icon):not(.fb-icon-element):not(.fusion-countdown-link):not(.fusion-rollover-link):not(.fusion-rollover-gallery):not(.fusion-button-bar):not(.add_to_cart_button):not(.show_details_button):not(.product_type_external):not(.fusion-view-cart):not(.fusion-quick-view):not(.fusion-rollover-title-link):not(.fusion-breadcrumb-link):hover:after {color: #ff5b5b;}.fusion-fullwidth.fusion-builder-row-1 .pagination a.inactive:hover, .fusion-fullwidth.fusion-builder-row-1 .fusion-filters .fusion-filter.fusion-active a {border-color: #ff5b5b;}.fusion-fullwidth.fusion-builder-row-1 .pagination .current {border-color: #ff5b5b; background-color: #ff5b5b;}.fusion-fullwidth.fusion-builder-row-1 .fusion-filters .fusion-filter.fusion-active a, .fusion-fullwidth.fusion-builder-row-1 .fusion-date-and-formats .fusion-format-box, .fusion-fullwidth.fusion-builder-row-1 .fusion-popover, .fusion-fullwidth.fusion-builder-row-1 .tooltip-shortcode {color: #ff5b5b;}#wrapper .fusion-fullwidth.fusion-builder-row-1 .fusion-widget-area .fusion-vertical-menu-widget .menu li.current_page_ancestor > a, #wrapper .fusion-fullwidth.fusion-builder-row-1 .fusion-widget-area .fusion-vertical-menu-widget .menu li.current_page_ancestor > a:before, #wrapper .fusion-fullwidth.fusion-builder-row-1 .fusion-widget-area .fusion-vertical-menu-widget .current-menu-item > a, #wrapper .fusion-fullwidth.fusion-builder-row-1 .fusion-widget-area .fusion-vertical-menu-widget .current-menu-item > a:before, #wrapper .fusion-fullwidth.fusion-builder-row-1 .fusion-widget-area .fusion-vertical-menu-widget .current_page_item > a, #wrapper .fusion-fullwidth.fusion-builder-row-1 .fusion-widget-area .fusion-vertical-menu-widget .current_page_item > a:before {color: #ff5b5b;}#wrapper .fusion-fullwidth.fusion-builder-row-1 .fusion-widget-area .widget_nav_menu .menu li.current_page_ancestor > a, #wrapper .fusion-fullwidth.fusion-builder-row-1 .fusion-widget-area .widget_nav_menu .menu li.current_page_ancestor > a:before, #wrapper .fusion-fullwidth.fusion-builder-row-1 .fusion-widget-area .widget_nav_menu .current-menu-item > a, #wrapper .fusion-fullwidth.fusion-builder-row-1 .fusion-widget-area .widget_nav_menu .current-menu-item > a:before, #wrapper .fusion-fullwidth.fusion-builder-row-1 .fusion-widget-area .widget_nav_menu .current_page_item > a, #wrapper .fusion-fullwidth.fusion-builder-row-1 .fusion-widget-area .widget_nav_menu .current_page_item > a:before {color: #ff5b5b;}#wrapper .fusion-fullwidth.fusion-builder-row-1 .fusion-vertical-menu-widget .menu li.current_page_item > a { border-right-color:#ff5b5b;border-left-color:#ff5b5b;}#wrapper .fusion-fullwidth.fusion-builder-row-1 .fusion-widget-area .tagcloud a:hover { color: #fff; background-color: #ff5b5b;border-color: #ff5b5b;}#main .fusion-fullwidth.fusion-builder-row-1 .post .blog-shortcode-post-title a:hover {color: #ff5b5b;}.fusion-body .fusion-flex-container.fusion-builder-row-1{ padding-top : 0px;margin-top : 0px;padding-right : 0px;padding-bottom : 0px;margin-bottom : 0px;padding-left : 0px;}<\/style><\/div>\n","protected":false},"excerpt":{"rendered":"","protected":false},"author":1,"featured_media":0,"parent":454,"menu_order":0,"comment_status":"closed","ping_status":"closed","template":"","meta":[],"_links":{"self":[{"href":"http:\/\/new.fredericmartel.com\/es\/wp-json\/wp\/v2\/pages\/433"}],"collection":[{"href":"http:\/\/new.fredericmartel.com\/es\/wp-json\/wp\/v2\/pages"}],"about":[{"href":"http:\/\/new.fredericmartel.com\/es\/wp-json\/wp\/v2\/types\/page"}],"author":[{"embeddable":true,"href":"http:\/\/new.fredericmartel.com\/es\/wp-json\/wp\/v2\/users\/1"}],"replies":[{"embeddable":true,"href":"http:\/\/new.fredericmartel.com\/es\/wp-json\/wp\/v2\/comments?post=433"}],"version-history":[{"count":16,"href":"http:\/\/new.fredericmartel.com\/es\/wp-json\/wp\/v2\/pages\/433\/revisions"}],"predecessor-version":[{"id":1572,"href":"http:\/\/new.fredericmartel.com\/es\/wp-json\/wp\/v2\/pages\/433\/revisions\/1572"}],"up":[{"embeddable":true,"href":"http:\/\/new.fredericmartel.com\/es\/wp-json\/wp\/v2\/pages\/454"}],"wp:attachment":[{"href":"http:\/\/new.fredericmartel.com\/es\/wp-json\/wp\/v2\/media?parent=433"}],"curies":[{"name":"wp","href":"https:\/\/api.w.org\/{rel}","templated":true}]}}