{"id":1518,"date":"2022-02-10T22:51:25","date_gmt":"2022-02-10T22:51:25","guid":{"rendered":"http:\/\/new.fredericmartel.com\/books\/pride-and-prejudice\/"},"modified":"2022-02-16T10:31:35","modified_gmt":"2022-02-16T10:31:35","slug":"pride-and-prejudice","status":"publish","type":"page","link":"https:\/\/new.fredericmartel.com\/en\/books\/pride-and-prejudice\/","title":{"rendered":"Pride and Prejudice"},"content":{"rendered":"<div class=\"fusion-fullwidth fullwidth-box fusion-builder-row-1 fusion-flex-container nonhundred-percent-fullwidth non-hundred-percent-height-scrolling\" style=\"background-color: rgba(255,255,255,0);background-position: center center;background-repeat: no-repeat;border-width: 0px 0px 0px 0px;border-color:#e2e2e2;border-style:solid;\" ><div class=\"fusion-builder-row fusion-row fusion-flex-align-items-flex-start\" style=\"max-width:1248px;margin-left: calc(-4% \/ 2 );margin-right: calc(-4% \/ 2 );\"><div class=\"fusion-layout-column fusion_builder_column fusion-builder-column-0 fusion_builder_column_1_4 1_4 fusion-flex-column\"><div class=\"fusion-column-wrapper fusion-flex-justify-content-flex-start fusion-content-layout-column\" style=\"background-position:left top;background-repeat:no-repeat;-webkit-background-size:cover;-moz-background-size:cover;-o-background-size:cover;background-size:cover;padding: 0px 0px 0px 0px;\"><div ><span class=\" fusion-imageframe imageframe-none imageframe-1 hover-type-none\" style=\"border:1px solid #e2e2e2;\"><img width=\"351\" height=\"527\" alt=\"Fiert\u00e9s et pr\u00e9jug\u00e9s\" title=\"fiertes-et-prejuges\" src=\"http:\/\/new.fredericmartel.com\/wp-content\/uploads\/2022\/02\/fiertes-et-prejuges.jpeg\" class=\"img-responsive wp-image-1729\" srcset=\"https:\/\/new.fredericmartel.com\/wp-content\/uploads\/2022\/02\/fiertes-et-prejuges-200x300.jpeg 200w, https:\/\/new.fredericmartel.com\/wp-content\/uploads\/2022\/02\/fiertes-et-prejuges.jpeg 351w\" sizes=\"(max-width: 640px) 100vw, 351px\" \/><\/span><\/div><\/div><style type=\"text\/css\">.fusion-body .fusion-builder-column-0{width:25% !important;margin-top : 0px;margin-bottom : 18px;}.fusion-builder-column-0 > .fusion-column-wrapper {padding-top : 0px !important;padding-right : 0px !important;margin-right : 7.68%;padding-bottom : 0px !important;padding-left : 0px !important;margin-left : 7.68%;}@media only screen and (max-width:1024px) {.fusion-body .fusion-builder-column-0{width:25% !important;order : 0;}.fusion-builder-column-0 > .fusion-column-wrapper {margin-right : 7.68%;margin-left : 7.68%;}}@media only screen and (max-width:640px) {.fusion-body .fusion-builder-column-0{width:100% !important;order : 0;}.fusion-builder-column-0 > .fusion-column-wrapper {margin-right : 1.92%;margin-left : 1.92%;}}<\/style><\/div><div class=\"fusion-layout-column fusion_builder_column fusion-builder-column-1 fusion_builder_column_3_4 3_4 fusion-flex-column\"><div class=\"fusion-column-wrapper fusion-flex-justify-content-flex-start fusion-content-layout-column\" style=\"background-position:left top;background-repeat:no-repeat;-webkit-background-size:cover;-moz-background-size:cover;-o-background-size:cover;background-size:cover;padding: 0px 0px 0px 0px;\"><div class=\"fusion-text fusion-text-1\"><p>Longtemps, les homosexuels ont \u00e9t\u00e9 discrimin\u00e9s \u00e0 cause des pr\u00e9jug\u00e9s\u00a0; aujourd\u2019hui, les gays et les lesbiennes f\u00eatent leur \u00e9mancipation avec fiert\u00e9. Comment sommes-nous pass\u00e9s, en cinquante ans seulement, de la criminalisation de l\u2019homosexualit\u00e9 \u00e0 la p\u00e9nalisation de l\u2019homophobie\u00a0? Tel est le sujet de <em>Fiert\u00e9s et pr\u00e9jug\u00e9s<\/em> (Bouquins, 2022).<\/p>\n<p>La question gay est un fil rouge qui relie entre eux des ph\u00e9nom\u00e8nes majeurs\u00a0: la lib\u00e9ration sexuelle, le f\u00e9minisme, la mutation des modes de vie, la lutte contre le sida, le mariage pour tous&#8230; L\u2019homosexualit\u00e9 \u00e9tait un probl\u00e8me de m\u0153urs\u00a0; elle est devenue une question de soci\u00e9t\u00e9.<\/p>\n<p>Ce livre r\u00e9unit pour la premi\u00e8re fois deux livres pionniers sur le sujet\u00a0: <em>Le Rose et le Noir<\/em> et <em>Global Gay<\/em>\u00a0; une chronologie d\u00e9taill\u00e9e des combats et des d\u00e9bats, de \u00ab\u00a0Stonewall\u00a0\u00bb au \u00ab\u00a0mariage gay\u00a0\u00bb\u00a0; ainsi que de nombreux articles sur Jean Genet, Herv\u00e9 Guibert, Nan Goldin, Tony Kushner, Bernard-Marie Kolt\u00e8s et un essai in\u00e9dit sur \u00c9douard Louis.<\/p>\n<p>Ayant enqu\u00eat\u00e9 sur le terrain dans plus de cinquante pays, Fr\u00e9d\u00e9ric Martel n\u2019h\u00e9site pas \u00e0 prendre parti contre les pens\u00e9es r\u00e9actionnaires, religieuses ou victimaires et aussi contre les d\u00e9rives qui peuvent parfois exister au sein du mouvement LGBT.<\/p>\n<p>Fort de cette approche rigoureuse et engag\u00e9e, \u00e0 la fois fran\u00e7aise et globale, qui m\u00eale politique, culture et modes de vie, <em>Fiert\u00e9s et pr\u00e9jug\u00e9s<\/em> raconte la longue marche des gays vers l\u2019\u00e9galit\u00e9.<\/p>\n<\/div><\/div><style type=\"text\/css\">.fusion-body .fusion-builder-column-1{width:75% !important;margin-top : 0px;margin-bottom : 20px;}.fusion-builder-column-1 > .fusion-column-wrapper {padding-top : 0px !important;padding-right : 0px !important;margin-right : 2.56%;padding-bottom : 0px !important;padding-left : 0px !important;margin-left : 2.56%;}@media only screen and (max-width:1024px) {.fusion-body .fusion-builder-column-1{width:75% !important;order : 0;}.fusion-builder-column-1 > .fusion-column-wrapper {margin-right : 2.56%;margin-left : 2.56%;}}@media only screen and (max-width:640px) {.fusion-body .fusion-builder-column-1{width:100% !important;order : 0;}.fusion-builder-column-1 > .fusion-column-wrapper {margin-right : 1.92%;margin-left : 1.92%;}}<\/style><\/div><\/div><style type=\"text\/css\">.fusion-fullwidth.fusion-builder-row-1 a:not(.awb-custom-text-hover-color):not(.fusion-button):not(.fusion-builder-module-control):not(.fusion-social-network-icon):not(.fb-icon-element):not(.fusion-countdown-link):not(.fusion-rollover-link):not(.fusion-rollover-gallery):not(.fusion-button-bar):not(.add_to_cart_button):not(.show_details_button):not(.product_type_external):not(.fusion-view-cart):not(.fusion-quick-view):not(.fusion-rollover-title-link):not(.fusion-breadcrumb-link):hover, .fusion-fullwidth.fusion-builder-row-1 a:not(.awb-custom-text-hover-color):not(.fusion-button):not(.fusion-builder-module-control):not(.fusion-social-network-icon):not(.fb-icon-element):not(.fusion-countdown-link):not(.fusion-rollover-link):not(.fusion-rollover-gallery):not(.fusion-button-bar):not(.add_to_cart_button):not(.show_details_button):not(.product_type_external):not(.fusion-view-cart):not(.fusion-quick-view):not(.fusion-rollover-title-link):not(.fusion-breadcrumb-link):hover:before, .fusion-fullwidth.fusion-builder-row-1 a:not(.awb-custom-text-hover-color):not(.fusion-button):not(.fusion-builder-module-control):not(.fusion-social-network-icon):not(.fb-icon-element):not(.fusion-countdown-link):not(.fusion-rollover-link):not(.fusion-rollover-gallery):not(.fusion-button-bar):not(.add_to_cart_button):not(.show_details_button):not(.product_type_external):not(.fusion-view-cart):not(.fusion-quick-view):not(.fusion-rollover-title-link):not(.fusion-breadcrumb-link):hover:after {color: #ff5b5b;}.fusion-fullwidth.fusion-builder-row-1 .pagination a.inactive:hover, .fusion-fullwidth.fusion-builder-row-1 .fusion-filters .fusion-filter.fusion-active a {border-color: #ff5b5b;}.fusion-fullwidth.fusion-builder-row-1 .pagination .current {border-color: #ff5b5b; background-color: #ff5b5b;}.fusion-fullwidth.fusion-builder-row-1 .fusion-filters .fusion-filter.fusion-active a, .fusion-fullwidth.fusion-builder-row-1 .fusion-date-and-formats .fusion-format-box, .fusion-fullwidth.fusion-builder-row-1 .fusion-popover, .fusion-fullwidth.fusion-builder-row-1 .tooltip-shortcode {color: #ff5b5b;}#wrapper .fusion-fullwidth.fusion-builder-row-1 .fusion-widget-area .fusion-vertical-menu-widget .menu li.current_page_ancestor > a, #wrapper .fusion-fullwidth.fusion-builder-row-1 .fusion-widget-area .fusion-vertical-menu-widget .menu li.current_page_ancestor > a:before, #wrapper .fusion-fullwidth.fusion-builder-row-1 .fusion-widget-area .fusion-vertical-menu-widget .current-menu-item > a, #wrapper .fusion-fullwidth.fusion-builder-row-1 .fusion-widget-area .fusion-vertical-menu-widget .current-menu-item > a:before, #wrapper .fusion-fullwidth.fusion-builder-row-1 .fusion-widget-area .fusion-vertical-menu-widget .current_page_item > a, #wrapper .fusion-fullwidth.fusion-builder-row-1 .fusion-widget-area .fusion-vertical-menu-widget .current_page_item > a:before {color: #ff5b5b;}#wrapper .fusion-fullwidth.fusion-builder-row-1 .fusion-widget-area .widget_nav_menu .menu li.current_page_ancestor > a, #wrapper .fusion-fullwidth.fusion-builder-row-1 .fusion-widget-area .widget_nav_menu .menu li.current_page_ancestor > a:before, #wrapper .fusion-fullwidth.fusion-builder-row-1 .fusion-widget-area .widget_nav_menu .current-menu-item > a, #wrapper .fusion-fullwidth.fusion-builder-row-1 .fusion-widget-area .widget_nav_menu .current-menu-item > a:before, #wrapper .fusion-fullwidth.fusion-builder-row-1 .fusion-widget-area .widget_nav_menu .current_page_item > a, #wrapper .fusion-fullwidth.fusion-builder-row-1 .fusion-widget-area .widget_nav_menu .current_page_item > a:before {color: #ff5b5b;}#wrapper .fusion-fullwidth.fusion-builder-row-1 .fusion-vertical-menu-widget .menu li.current_page_item > a { border-right-color:#ff5b5b;border-left-color:#ff5b5b;}#wrapper .fusion-fullwidth.fusion-builder-row-1 .fusion-widget-area .tagcloud a:hover { color: #fff; background-color: #ff5b5b;border-color: #ff5b5b;}#main .fusion-fullwidth.fusion-builder-row-1 .post .blog-shortcode-post-title a:hover {color: #ff5b5b;}.fusion-body .fusion-flex-container.fusion-builder-row-1{ padding-top : 0px;margin-top : 0px;padding-right : 0px;padding-bottom : 0px;margin-bottom : 0px;padding-left : 0px;}<\/style><\/div>\n","protected":false},"excerpt":{"rendered":"","protected":false},"author":1,"featured_media":0,"parent":13,"menu_order":0,"comment_status":"closed","ping_status":"closed","template":"","meta":[],"_links":{"self":[{"href":"https:\/\/new.fredericmartel.com\/en\/wp-json\/wp\/v2\/pages\/1518"}],"collection":[{"href":"https:\/\/new.fredericmartel.com\/en\/wp-json\/wp\/v2\/pages"}],"about":[{"href":"https:\/\/new.fredericmartel.com\/en\/wp-json\/wp\/v2\/types\/page"}],"author":[{"embeddable":true,"href":"https:\/\/new.fredericmartel.com\/en\/wp-json\/wp\/v2\/users\/1"}],"replies":[{"embeddable":true,"href":"https:\/\/new.fredericmartel.com\/en\/wp-json\/wp\/v2\/comments?post=1518"}],"version-history":[{"count":4,"href":"https:\/\/new.fredericmartel.com\/en\/wp-json\/wp\/v2\/pages\/1518\/revisions"}],"predecessor-version":[{"id":1734,"href":"https:\/\/new.fredericmartel.com\/en\/wp-json\/wp\/v2\/pages\/1518\/revisions\/1734"}],"up":[{"embeddable":true,"href":"https:\/\/new.fredericmartel.com\/en\/wp-json\/wp\/v2\/pages\/13"}],"wp:attachment":[{"href":"https:\/\/new.fredericmartel.com\/en\/wp-json\/wp\/v2\/media?parent=1518"}],"curies":[{"name":"wp","href":"https:\/\/api.w.org\/{rel}","templated":true}]}}