{"id":793,"date":"2021-11-28T20:30:36","date_gmt":"2021-11-28T20:30:36","guid":{"rendered":"http:\/\/new.fredericmartel.com\/?page_id=793"},"modified":"2022-02-10T20:27:49","modified_gmt":"2022-02-10T20:27:49","slug":"research","status":"publish","type":"page","link":"https:\/\/new.fredericmartel.com\/en\/research\/","title":{"rendered":"Research"},"content":{"rendered":"<div class=\"fusion-fullwidth fullwidth-box fusion-builder-row-1 fusion-flex-container nonhundred-percent-fullwidth non-hundred-percent-height-scrolling\" style=\"background-color: rgba(255,255,255,0);background-position: center center;background-repeat: no-repeat;border-width: 0px 0px 0px 0px;border-color:#ffffff;border-style:solid;\" ><div class=\"fusion-builder-row fusion-row fusion-flex-align-items-flex-start\" style=\"max-width:1248px;margin-left: calc(-4% \/ 2 );margin-right: calc(-4% \/ 2 );\"><div class=\"fusion-layout-column fusion_builder_column fusion-builder-column-0 fusion_builder_column_1_1 1_1 fusion-flex-column\"><div class=\"fusion-column-wrapper fusion-flex-justify-content-flex-start fusion-content-layout-column\" style=\"background-position:left top;background-repeat:no-repeat;-webkit-background-size:cover;-moz-background-size:cover;-o-background-size:cover;background-size:cover;padding: 0px 0px 0px 0px;\"><div class=\"fusion-blog-shortcode fusion-blog-shortcode-1 fusion-blog-archive fusion-blog-layout-large fusion-blog-pagination fusion-blog-no-images\"><div class=\"fusion-posts-container fusion-posts-container-pagination\" data-pages=\"1\"><article id=\"blog-1-post-881\" class=\"fusion-post-large post-881 post type-post status-publish format-standard hentry category-creative-economies\">\n<div class=\"fusion-post-content post-content\"><h2 class=\"blog-shortcode-post-title entry-title\"><a href=\"https:\/\/new.fredericmartel.com\/en\/theater-class-zhdk-oct-2017\/\">Theater Class (ZHdK, Oct 2017)<\/a><\/h2><div class=\"fusion-post-content-container\"><p>Theater in America \u2013\u00a0General readings\u00a0: Lawrence Levine,\u00a0Highbrow\/Lowbrow, the Emergence of Cultural Hierarchy in America\u00a0(Harvard University Press, 1988)\u00a0; Russel Lynes,\u00a0The Lively public : a Social History of the Visual and the Performing Arts in America, 1890-1950\u00a0(Harper &amp; Row, 1985)\u00a0; Fr\u00e9d\u00e9ric Martel,\u00a0Mainstream\u00a0(2006, in german) and\u00a0Theater\u00a0(2006, only in french). \u2013 On Joe Papp\u00a0: [...]<\/p><\/div><\/div><div class=\"fusion-clearfix\"><\/div><div class=\"fusion-meta-info\"><div class=\"fusion-alignleft\"><span class=\"vcard\" style=\"display: none;\"><span class=\"fn\"><a href=\"https:\/\/new.fredericmartel.com\/en\/author\/frederic\/\" title=\"Posts by frederic\" rel=\"author\">frederic<\/a><\/span><\/span><span class=\"updated\" style=\"display:none;\">2022-02-10T17:49:24+00:00<\/span>Categories: <a href=\"https:\/\/new.fredericmartel.com\/en\/category\/creative-economies\/\" rel=\"category tag\">Creative Economies<\/a><span class=\"fusion-inline-sep\">|<\/span><\/div><\/div><\/article>\n<article id=\"blog-1-post-873\" class=\"fusion-post-large post-873 post type-post status-publish format-standard hentry category-cultural-policy\">\n<div class=\"fusion-post-content post-content\"><h2 class=\"blog-shortcode-post-title entry-title\"><a href=\"https:\/\/new.fredericmartel.com\/en\/on-the-future-of-criticism\/\">On the future of criticism<\/a><\/h2><div class=\"fusion-post-content-container\"><p>In his book\u00a0Curation Nation, Steven Rosenbaum offers readers interesting insight into the way content is organized and propagated throughout the digital sphere. And \u00ab\u00a0Curation\u00a0\u00bb, unlike aggregation, is mainly a manual task that consists of gathering, organizing and sharing content according to value. It seems a key new approach for the [...]<\/p><\/div><\/div><div class=\"fusion-clearfix\"><\/div><div class=\"fusion-meta-info\"><div class=\"fusion-alignleft\"><span class=\"vcard\" style=\"display: none;\"><span class=\"fn\"><a href=\"https:\/\/new.fredericmartel.com\/en\/author\/frederic\/\" title=\"Posts by frederic\" rel=\"author\">frederic<\/a><\/span><\/span><span class=\"updated\" style=\"display:none;\">2022-02-10T17:51:11+00:00<\/span>Categories: <a href=\"https:\/\/new.fredericmartel.com\/en\/category\/cultural-policy\/\" rel=\"category tag\">Cultural Policy<\/a><span class=\"fusion-inline-sep\">|<\/span><\/div><\/div><\/article>\n<article id=\"blog-1-post-862\" class=\"fusion-post-large post-862 post type-post status-publish format-standard hentry category-on-digital\">\n<div class=\"fusion-post-content post-content\"><h2 class=\"blog-shortcode-post-title entry-title\"><a href=\"https:\/\/new.fredericmartel.com\/en\/digital-wars\/\">Digital Wars<\/a><\/h2><div class=\"fusion-post-content-container\"><p>In\u00a0Digital Wars: Apple, Google, Microsoft and the Battle for the Internet, Charles Arthur chronicles the emergence of the giants of the technology industry. In\u00a0Digital Wars: Apple, Google, Microsoft and the Battle for the Internet, Charles Arthur chronicles the emergence of the giants of the technology industry. \u00a0 A review of [...]<\/p><\/div><\/div><div class=\"fusion-clearfix\"><\/div><div class=\"fusion-meta-info\"><div class=\"fusion-alignleft\"><span class=\"vcard\" style=\"display: none;\"><span class=\"fn\"><a href=\"https:\/\/new.fredericmartel.com\/en\/author\/frederic\/\" title=\"Posts by frederic\" rel=\"author\">frederic<\/a><\/span><\/span><span class=\"updated\" style=\"display:none;\">2022-02-10T17:54:11+00:00<\/span>Categories: <a href=\"https:\/\/new.fredericmartel.com\/en\/category\/on-digital\/\" rel=\"category tag\">On Digital<\/a><span class=\"fusion-inline-sep\">|<\/span><\/div><\/div><\/article>\n<article id=\"blog-1-post-1439\" class=\"fusion-post-large post-1439 post type-post status-publish format-standard hentry category-on-digital\">\n<div class=\"fusion-post-content post-content\"><h2 class=\"blog-shortcode-post-title entry-title\"><a href=\"https:\/\/new.fredericmartel.com\/en\/alibaba-et-les-quarante-voleurs\/\">Alibaba et les quarante voleurs<\/a><\/h2><div class=\"fusion-post-content-container\"><p>Le g\u00e9ant du e-commerce chinois, Alibaba, entre en bourse cette semaine aux Etats-Unis. Me\u0301lange d\u2019Amazon, d\u2019eBay et de PayPal, avec un volume d\u2019affaires qui de\u0301passe ces trois socie\u0301te\u0301s ame\u0301ricaines re\u0301unies, le site chinois a e\u0301te\u0301 surnomme\u0301 le \u00ab plus grand bazar du monde \u00bb. Visite, avec Smart, du quartier g\u00e9n\u00e9ral [...]<\/p><\/div><\/div><div class=\"fusion-clearfix\"><\/div><div class=\"fusion-meta-info\"><div class=\"fusion-alignleft\"><span class=\"vcard\" style=\"display: none;\"><span class=\"fn\"><a href=\"https:\/\/new.fredericmartel.com\/en\/author\/frederic\/\" title=\"Posts by frederic\" rel=\"author\">frederic<\/a><\/span><\/span><span class=\"updated\" style=\"display:none;\">2022-02-14T22:58:58+00:00<\/span>Categories: <a href=\"https:\/\/new.fredericmartel.com\/en\/category\/on-digital\/\" rel=\"category tag\">On Digital<\/a><span class=\"fusion-inline-sep\">|<\/span><\/div><\/div><\/article>\n<article id=\"blog-1-post-852\" class=\"fusion-post-large post-852 post type-post status-publish format-standard hentry category-cultural-policy\">\n<div class=\"fusion-post-content post-content\"><h2 class=\"blog-shortcode-post-title entry-title\"><a href=\"https:\/\/new.fredericmartel.com\/en\/smart-curation\/\">Smart Curation<\/a><\/h2><div class=\"fusion-post-content-container\"><p>What are the future of cultural journalism, recommendation and prescription ? Between the traditionnal cultural critic \u2013 who is an\u00a0endangered species \u2013 and the automatic filtering \u2013 which is not enough efficient \u2013, \u00ab\u00a0Smart Curation\u00a0\u00bb offers new tools and new ways of thinking the future of recommendation in the age [...]<\/p><\/div><\/div><div class=\"fusion-clearfix\"><\/div><div class=\"fusion-meta-info\"><div class=\"fusion-alignleft\"><span class=\"vcard\" style=\"display: none;\"><span class=\"fn\"><a href=\"https:\/\/new.fredericmartel.com\/en\/author\/frederic\/\" title=\"Posts by frederic\" rel=\"author\">frederic<\/a><\/span><\/span><span class=\"updated\" style=\"display:none;\">2022-02-10T17:54:56+00:00<\/span>Categories: <a href=\"https:\/\/new.fredericmartel.com\/en\/category\/cultural-policy\/\" rel=\"category tag\">Cultural Policy<\/a><span class=\"fusion-inline-sep\">|<\/span><\/div><\/div><\/article>\n<article id=\"blog-1-post-1431\" class=\"fusion-post-large post-1431 post type-post status-publish format-standard hentry category-on-digital\">\n<div class=\"fusion-post-content post-content\"><h2 class=\"blog-shortcode-post-title entry-title\"><a href=\"https:\/\/new.fredericmartel.com\/en\/les-nouveaux-modeles-economiques-de-la-musique\/\">Les nouveaux mod\u00e8les \u00e9conomiques de la musique<\/a><\/h2><div class=\"fusion-post-content-container\"><p>Matthieu Dartiguenave (@MattDarti) est associ\u00e9 co-fondateur de la soci\u00e9t\u00e9\u00a0Anteprima Prime*, \u00e9diteur des artistes Manu Katch\u00e9, Baptiste Trotignon et Eric Legnini. Il revient pour le site Smart, sur les \u00e9volutions des mod\u00e8les \u00e9conomiques de la musique\u00a0: 360\u00b0, live, synchro, jeux vid\u00e9o, brand content, d\u00e9publicitarisation, bundles\u2026 c\u2019est toute une nouvelle industrie de [...]<\/p><\/div><\/div><div class=\"fusion-clearfix\"><\/div><div class=\"fusion-meta-info\"><div class=\"fusion-alignleft\"><span class=\"vcard\" style=\"display: none;\"><span class=\"fn\"><a href=\"https:\/\/new.fredericmartel.com\/en\/author\/frederic\/\" title=\"Posts by frederic\" rel=\"author\">frederic<\/a><\/span><\/span><span class=\"updated\" style=\"display:none;\">2022-02-10T18:03:56+00:00<\/span>Categories: <a href=\"https:\/\/new.fredericmartel.com\/en\/category\/on-digital\/\" rel=\"category tag\">On Digital<\/a><span class=\"fusion-inline-sep\">|<\/span><\/div><\/div><\/article>\n<article id=\"blog-1-post-1435\" class=\"fusion-post-large post-1435 post type-post status-publish format-standard hentry category-cultural-policy\">\n<div class=\"fusion-post-content post-content\"><h2 class=\"blog-shortcode-post-title entry-title\"><a href=\"https:\/\/new.fredericmartel.com\/en\/le-critique-culturel-est-mort-vive-la-smart-curation\/\">Le critique culturel est mort ; vive la Smart Curation !<\/a><\/h2><div class=\"fusion-post-content-container\"><p>Cette longue enqu\u00eate est publi\u00e9e en int\u00e9gralit\u00e9 sur le site\u00a0Slate\u00a0: \u00e0 lire ici en trois parties :\u00a0Part I\u00a0;\u00a0Part II\u00a0;\u00a0Part III. Et ci-dessous en version courte. * Cet article est \u00e9galement publi\u00e9 en italien par La Reppublica (PDF\u00a0or\u00a0Part I\u00a0and\u00a0Part II) ; en portugais, au Br\u00e9sil, par\u00a0O Globo\u00a0; en espagnol par Horizontal [...]<\/p><\/div><\/div><div class=\"fusion-clearfix\"><\/div><div class=\"fusion-meta-info\"><div class=\"fusion-alignleft\"><span class=\"vcard\" style=\"display: none;\"><span class=\"fn\"><a href=\"https:\/\/new.fredericmartel.com\/en\/author\/frederic\/\" title=\"Posts by frederic\" rel=\"author\">frederic<\/a><\/span><\/span><span class=\"updated\" style=\"display:none;\">2022-02-10T18:04:38+00:00<\/span>Categories: <a href=\"https:\/\/new.fredericmartel.com\/en\/category\/cultural-policy\/\" rel=\"category tag\">Cultural Policy<\/a><span class=\"fusion-inline-sep\">|<\/span><\/div><\/div><\/article>\n<\/div><\/div><\/div><style type=\"text\/css\">.fusion-body .fusion-builder-column-0{width:100% !important;margin-top : 0px;margin-bottom : 20px;}.fusion-builder-column-0 > .fusion-column-wrapper {padding-top : 0px !important;padding-right : 0px !important;margin-right : 1.92%;padding-bottom : 0px !important;padding-left : 0px !important;margin-left : 1.92%;}@media only screen and (max-width:1024px) {.fusion-body .fusion-builder-column-0{width:100% !important;order : 0;}.fusion-builder-column-0 > .fusion-column-wrapper {margin-right : 1.92%;margin-left : 1.92%;}}@media only screen and (max-width:640px) {.fusion-body .fusion-builder-column-0{width:100% !important;order : 0;}.fusion-builder-column-0 > .fusion-column-wrapper {margin-right : 1.92%;margin-left : 1.92%;}}<\/style><\/div><\/div><style type=\"text\/css\">.fusion-fullwidth.fusion-builder-row-1 a:not(.awb-custom-text-hover-color):not(.fusion-button):not(.fusion-builder-module-control):not(.fusion-social-network-icon):not(.fb-icon-element):not(.fusion-countdown-link):not(.fusion-rollover-link):not(.fusion-rollover-gallery):not(.fusion-button-bar):not(.add_to_cart_button):not(.show_details_button):not(.product_type_external):not(.fusion-view-cart):not(.fusion-quick-view):not(.fusion-rollover-title-link):not(.fusion-breadcrumb-link):hover, .fusion-fullwidth.fusion-builder-row-1 a:not(.awb-custom-text-hover-color):not(.fusion-button):not(.fusion-builder-module-control):not(.fusion-social-network-icon):not(.fb-icon-element):not(.fusion-countdown-link):not(.fusion-rollover-link):not(.fusion-rollover-gallery):not(.fusion-button-bar):not(.add_to_cart_button):not(.show_details_button):not(.product_type_external):not(.fusion-view-cart):not(.fusion-quick-view):not(.fusion-rollover-title-link):not(.fusion-breadcrumb-link):hover:before, .fusion-fullwidth.fusion-builder-row-1 a:not(.awb-custom-text-hover-color):not(.fusion-button):not(.fusion-builder-module-control):not(.fusion-social-network-icon):not(.fb-icon-element):not(.fusion-countdown-link):not(.fusion-rollover-link):not(.fusion-rollover-gallery):not(.fusion-button-bar):not(.add_to_cart_button):not(.show_details_button):not(.product_type_external):not(.fusion-view-cart):not(.fusion-quick-view):not(.fusion-rollover-title-link):not(.fusion-breadcrumb-link):hover:after {color: #aa2b2b;}.fusion-fullwidth.fusion-builder-row-1 .pagination a.inactive:hover, .fusion-fullwidth.fusion-builder-row-1 .fusion-filters .fusion-filter.fusion-active a {border-color: #aa2b2b;}.fusion-fullwidth.fusion-builder-row-1 .pagination .current {border-color: #aa2b2b; background-color: #aa2b2b;}.fusion-fullwidth.fusion-builder-row-1 .fusion-filters .fusion-filter.fusion-active a, .fusion-fullwidth.fusion-builder-row-1 .fusion-date-and-formats .fusion-format-box, .fusion-fullwidth.fusion-builder-row-1 .fusion-popover, .fusion-fullwidth.fusion-builder-row-1 .tooltip-shortcode {color: #aa2b2b;}#wrapper .fusion-fullwidth.fusion-builder-row-1 .fusion-widget-area .fusion-vertical-menu-widget .menu li.current_page_ancestor > a, #wrapper .fusion-fullwidth.fusion-builder-row-1 .fusion-widget-area .fusion-vertical-menu-widget .menu li.current_page_ancestor > a:before, #wrapper .fusion-fullwidth.fusion-builder-row-1 .fusion-widget-area .fusion-vertical-menu-widget .current-menu-item > a, #wrapper .fusion-fullwidth.fusion-builder-row-1 .fusion-widget-area .fusion-vertical-menu-widget .current-menu-item > a:before, #wrapper .fusion-fullwidth.fusion-builder-row-1 .fusion-widget-area .fusion-vertical-menu-widget .current_page_item > a, #wrapper .fusion-fullwidth.fusion-builder-row-1 .fusion-widget-area .fusion-vertical-menu-widget .current_page_item > a:before {color: #aa2b2b;}#wrapper .fusion-fullwidth.fusion-builder-row-1 .fusion-widget-area .widget_nav_menu .menu li.current_page_ancestor > a, #wrapper .fusion-fullwidth.fusion-builder-row-1 .fusion-widget-area .widget_nav_menu .menu li.current_page_ancestor > a:before, #wrapper .fusion-fullwidth.fusion-builder-row-1 .fusion-widget-area .widget_nav_menu .current-menu-item > a, #wrapper .fusion-fullwidth.fusion-builder-row-1 .fusion-widget-area .widget_nav_menu .current-menu-item > a:before, #wrapper .fusion-fullwidth.fusion-builder-row-1 .fusion-widget-area .widget_nav_menu .current_page_item > a, #wrapper .fusion-fullwidth.fusion-builder-row-1 .fusion-widget-area .widget_nav_menu .current_page_item > a:before {color: #aa2b2b;}#wrapper .fusion-fullwidth.fusion-builder-row-1 .fusion-vertical-menu-widget .menu li.current_page_item > a { border-right-color:#aa2b2b;border-left-color:#aa2b2b;}#wrapper .fusion-fullwidth.fusion-builder-row-1 .fusion-widget-area .tagcloud a:hover { color: #fff; background-color: #aa2b2b;border-color: #aa2b2b;}#main .fusion-fullwidth.fusion-builder-row-1 .post .blog-shortcode-post-title a:hover {color: #aa2b2b;}.fusion-body .fusion-flex-container.fusion-builder-row-1{ padding-top : 0px;margin-top : 0px;padding-right : 0px;padding-bottom : 0px;margin-bottom : 0px;padding-left : 0px;}<\/style><\/div>\n","protected":false},"excerpt":{"rendered":"","protected":false},"author":1,"featured_media":0,"parent":0,"menu_order":0,"comment_status":"closed","ping_status":"closed","template":"","meta":[],"_links":{"self":[{"href":"https:\/\/new.fredericmartel.com\/en\/wp-json\/wp\/v2\/pages\/793"}],"collection":[{"href":"https:\/\/new.fredericmartel.com\/en\/wp-json\/wp\/v2\/pages"}],"about":[{"href":"https:\/\/new.fredericmartel.com\/en\/wp-json\/wp\/v2\/types\/page"}],"author":[{"embeddable":true,"href":"https:\/\/new.fredericmartel.com\/en\/wp-json\/wp\/v2\/users\/1"}],"replies":[{"embeddable":true,"href":"https:\/\/new.fredericmartel.com\/en\/wp-json\/wp\/v2\/comments?post=793"}],"version-history":[{"count":14,"href":"https:\/\/new.fredericmartel.com\/en\/wp-json\/wp\/v2\/pages\/793\/revisions"}],"predecessor-version":[{"id":1495,"href":"https:\/\/new.fredericmartel.com\/en\/wp-json\/wp\/v2\/pages\/793\/revisions\/1495"}],"wp:attachment":[{"href":"https:\/\/new.fredericmartel.com\/en\/wp-json\/wp\/v2\/media?parent=793"}],"curies":[{"name":"wp","href":"https:\/\/api.w.org\/{rel}","templated":true}]}}