{"id":1619,"date":"2022-02-12T10:09:10","date_gmt":"2022-02-12T10:09:10","guid":{"rendered":"http:\/\/new.fredericmartel.com\/articulos\/"},"modified":"2022-02-12T10:09:10","modified_gmt":"2022-02-12T10:09:10","slug":"articulos","status":"publish","type":"page","link":"https:\/\/new.fredericmartel.com\/es\/articulos\/","title":{"rendered":"ART\u00cdCULOS"},"content":{"rendered":"<div class=\"fusion-fullwidth fullwidth-box fusion-builder-row-1 fusion-flex-container nonhundred-percent-fullwidth non-hundred-percent-height-scrolling\" style=\"background-color: rgba(255,255,255,0);background-position: center center;background-repeat: no-repeat;border-width: 0px 0px 0px 0px;border-color:#e2e2e2;border-style:solid;\" ><div class=\"fusion-builder-row fusion-row fusion-flex-align-items-flex-start\" style=\"max-width:1248px;margin-left: calc(-4% \/ 2 );margin-right: calc(-4% \/ 2 );\"><div class=\"fusion-layout-column fusion_builder_column fusion-builder-column-0 fusion_builder_column_1_1 1_1 fusion-flex-column\"><div class=\"fusion-column-wrapper fusion-flex-justify-content-flex-start fusion-content-layout-column\" style=\"background-position:left top;background-repeat:no-repeat;-webkit-background-size:cover;-moz-background-size:cover;-o-background-size:cover;background-size:cover;padding: 0px 0px 0px 0px;\"><div class=\"fusion-blog-shortcode fusion-blog-shortcode-1 fusion-blog-archive fusion-blog-layout-large fusion-blog-no fusion-blog-no-images\"><div class=\"fusion-posts-container fusion-posts-container-no\" data-pages=\"0\"><article id=\"blog-1-post-1557\" class=\"fusion-post-large post-1557 post type-post status-publish format-standard hentry category-articulos category-libros tag-orgullo-y-prejuicio\">\n<div class=\"fusion-post-content post-content\"><h2 class=\"blog-shortcode-post-title entry-title\"><a href=\"https:\/\/new.fredericmartel.com\/es\/orgullo-y-prejuicio-la-cuestion-gay-un-nuevo-libro-de-frederic-martel-en-librerias-desde-el-10-de-marzo-de-2022\/\">Orgullo y prejuicio, La cuesti\u00f3n gay: un nuevo libro de Fr\u00e9d\u00e9ric Martel, en librer\u00edas desde el 10 de marzo de 2022<\/a><\/h2><div class=\"fusion-post-content-container\"><p>El 10 de marzo, la editorial Bouquins publicar\u00e1 un nuevo libro de Fr\u00e9d\u00e9ric Martel: Fiert\u00e9s et pr\u00e9jug\u00e9s\u00a0(Orgullo y prejuicio, la cuesti\u00f3n gay). Longtemps, les homosexuels ont \u00e9t\u00e9 discrimin\u00e9s \u00e0 cause des pr\u00e9jug\u00e9s\u00a0; aujourd\u2019hui, les gays et les lesbiennes f\u00eatent leur \u00e9mancipation avec fiert\u00e9. Comment sommes-nous pass\u00e9s, en cinquante ans seulement, [...]<\/p><\/div><\/div><div class=\"fusion-clearfix\"><\/div><div class=\"fusion-meta-info\"><div class=\"fusion-alignleft\"><span class=\"vcard\" style=\"display: none;\"><span class=\"fn\"><a href=\"https:\/\/new.fredericmartel.com\/es\/author\/andres\/\" title=\"Entradas de andres\" rel=\"author\">andres<\/a><\/span><\/span><span class=\"updated\" style=\"display:none;\">2022-02-11T00:17:51+00:00<\/span><span class=\"meta-tags\">Tags: <a href=\"https:\/\/new.fredericmartel.com\/es\/tag\/orgullo-y-prejuicio\/\" rel=\"tag\">Orgullo y prejuicio<\/a><\/span><span class=\"fusion-inline-sep\">|<\/span><\/div><\/div><\/article>\n<article id=\"blog-1-post-1170\" class=\"fusion-post-large post-1170 post type-post status-publish format-standard hentry category-articulos category-libros tag-sodoma-es\">\n<div class=\"fusion-post-content post-content\"><h2 class=\"blog-shortcode-post-title entry-title\"><a href=\"https:\/\/new.fredericmartel.com\/es\/pour-le-fondateur-du-centre-jacques-maritain-ce-dernier-avait-une-indeniable-tendance-homophile\/\">Pour le fondateur du centre Jacques Maritain, ce dernier avait \u00ab une ind\u00e9niable tendance homophile \u00bb<\/a><\/h2><div class=\"fusion-post-content-container\"><p>Yves Floucat est un philosophe thomiste fran\u00e7ais, sp\u00e9cialiste internationalement reconnu de l\u2019\u0153uvre de Jacques Maritain et de celle de saint Thomas d\u2019Aquin. Il est ma\u00eetre de conf\u00e9rences honoraire \u00e0 la Facult\u00e9 de philosophie de l\u2019Institut catholique de Toulouse et membre de l\u2019Acad\u00e9mie Pontificale Saint Thomas d\u2019Aquin. Il est le fondateur [...]<\/p><\/div><\/div><div class=\"fusion-clearfix\"><\/div><div class=\"fusion-meta-info\"><div class=\"fusion-alignleft\"><span class=\"vcard\" style=\"display: none;\"><span class=\"fn\"><a href=\"https:\/\/new.fredericmartel.com\/es\/author\/andres\/\" title=\"Entradas de andres\" rel=\"author\">andres<\/a><\/span><\/span><span class=\"updated\" style=\"display:none;\">2022-02-11T18:33:50+00:00<\/span><span class=\"meta-tags\">Tags: <a href=\"https:\/\/new.fredericmartel.com\/es\/tag\/sodoma-es\/\" rel=\"tag\">Sodoma<\/a><\/span><span class=\"fusion-inline-sep\">|<\/span><\/div><\/div><\/article>\n<article id=\"blog-1-post-1152\" class=\"fusion-post-large post-1152 post type-post status-publish format-standard hentry category-articulos category-libros tag-sodoma-es\">\n<div class=\"fusion-post-content post-content\"><h2 class=\"blog-shortcode-post-title entry-title\"><a href=\"https:\/\/new.fredericmartel.com\/es\/nuevo-capitulo-de-sodoma-a-la-busqueda-de-sodoma\/\">Nuevo cap\u00edtulo de Sodoma \u2013 A la b\u00fasqueda de Sodoma<\/a><\/h2><div class=\"fusion-post-content-container\"><p>Algunos capitules no han silo publicans en Sodoma debido al format y la extension del libro. Han sido publicados, o ser\u00e1n publicados pr\u00f3ximamente, en diversos soportes. Cap\u00edtulo: A la b\u00fasqueda de Sodoma \u2022 En castellano:\u00a0e-book publicado por IndieLibros \u2022 En franc\u00e9s:\u00a0l'Obs \u2022 En portugu\u00e9s \u2022 En hebreo (extractos) \u2022 En [...]<\/p><\/div><\/div><div class=\"fusion-clearfix\"><\/div><div class=\"fusion-meta-info\"><div class=\"fusion-alignleft\"><span class=\"vcard\" style=\"display: none;\"><span class=\"fn\"><a href=\"https:\/\/new.fredericmartel.com\/es\/author\/andres\/\" title=\"Entradas de andres\" rel=\"author\">andres<\/a><\/span><\/span><span class=\"updated\" style=\"display:none;\">2022-02-05T19:51:22+00:00<\/span><span class=\"meta-tags\">Tags: <a href=\"https:\/\/new.fredericmartel.com\/es\/tag\/sodoma-es\/\" rel=\"tag\">Sodoma<\/a><\/span><span class=\"fusion-inline-sep\">|<\/span><\/div><\/div><\/article>\n<article id=\"blog-1-post-1141\" class=\"fusion-post-large post-1141 post type-post status-publish format-standard hentry category-articulos category-libros tag-sodoma-es\">\n<div class=\"fusion-post-content post-content\"><h2 class=\"blog-shortcode-post-title entry-title\"><a href=\"https:\/\/new.fredericmartel.com\/es\/a-los-catolicos-no-les-gusta-la-verdad-una-respuesta-a-mis-criticas\/\">A los cat\u00f3licos no les gusta la verdad \u2013 Una respuesta a mis cr\u00edticas<\/a><\/h2><div class=\"fusion-post-content-container\"><p>Este texto constituye el nuevo prefacio de\u00a0Sodoma de la nueva edici\u00f3n de bolsillo francesa. Leer el texto en franc\u00e9s o en ingl\u00e9s.<\/p><\/div><\/div><div class=\"fusion-clearfix\"><\/div><div class=\"fusion-meta-info\"><div class=\"fusion-alignleft\"><span class=\"vcard\" style=\"display: none;\"><span class=\"fn\"><a href=\"https:\/\/new.fredericmartel.com\/es\/author\/andres\/\" title=\"Entradas de andres\" rel=\"author\">andres<\/a><\/span><\/span><span class=\"updated\" style=\"display:none;\">2022-02-11T18:51:33+00:00<\/span><span class=\"meta-tags\">Tags: <a href=\"https:\/\/new.fredericmartel.com\/es\/tag\/sodoma-es\/\" rel=\"tag\">Sodoma<\/a><\/span><span class=\"fusion-inline-sep\">|<\/span><\/div><\/div><\/article>\n<article id=\"blog-1-post-1274\" class=\"fusion-post-large post-1274 post type-post status-publish format-standard hentry category-articulos category-libros tag-smart-es\">\n<div class=\"fusion-post-content post-content\"><h2 class=\"blog-shortcode-post-title entry-title\"><a href=\"https:\/\/new.fredericmartel.com\/es\/internet-lenquete-qui-bouscule-les-idees-recues-le-point-18-avril-2014\/\">\u00ab Internet : l\u2019enqu\u00eate qui bouscule les id\u00e9es re\u00e7ues \u00bb (Le Point, 18 avril 2014)<\/a><\/h2><div class=\"fusion-post-content-container\"><p>Le chercheur Fr\u00e9d\u00e9ric Martel publie \u00ab\u00a0Smart\u00a0\u00bb (Stock), un passionnant voyage dans les capitales du num\u00e9rique, de la Silicon Valley \u00e0 l\u2019Afrique du Sud. Il montre que la mondialisation ne se traduit pas par une uniformisation. Au contraire, \u00ab\u00a0l\u2019Internet global n\u2019existe pas et n\u2019existera pas\u00a0\u00bb. par Guillaume Grallet Fr\u00e9d\u00e9ric Martel est [...]<\/p><\/div><\/div><div class=\"fusion-clearfix\"><\/div><div class=\"fusion-meta-info\"><div class=\"fusion-alignleft\"><span class=\"vcard\" style=\"display: none;\"><span class=\"fn\"><a href=\"https:\/\/new.fredericmartel.com\/es\/author\/frederic\/\" title=\"Entradas de frederic\" rel=\"author\">frederic<\/a><\/span><\/span><span class=\"updated\" style=\"display:none;\">2022-02-11T18:49:17+00:00<\/span><span class=\"meta-tags\">Tags: <a href=\"https:\/\/new.fredericmartel.com\/es\/tag\/smart-es\/\" rel=\"tag\">Smart<\/a><\/span><span class=\"fusion-inline-sep\">|<\/span><\/div><\/div><\/article>\n<\/div><\/div><\/div><style type=\"text\/css\">.fusion-body .fusion-builder-column-0{width:100% !important;margin-top : 0px;margin-bottom : 20px;}.fusion-builder-column-0 > .fusion-column-wrapper {padding-top : 0px !important;padding-right : 0px !important;margin-right : 1.92%;padding-bottom : 0px !important;padding-left : 0px !important;margin-left : 1.92%;}@media only screen and (max-width:1024px) {.fusion-body .fusion-builder-column-0{width:100% !important;order : 0;}.fusion-builder-column-0 > .fusion-column-wrapper {margin-right : 1.92%;margin-left : 1.92%;}}@media only screen and (max-width:640px) {.fusion-body .fusion-builder-column-0{width:100% !important;order : 0;}.fusion-builder-column-0 > .fusion-column-wrapper {margin-right : 1.92%;margin-left : 1.92%;}}<\/style><\/div><\/div><style type=\"text\/css\">.fusion-body .fusion-flex-container.fusion-builder-row-1{ padding-top : 0px;margin-top : 0px;padding-right : 0px;padding-bottom : 0px;margin-bottom : 0px;padding-left : 0px;}<\/style><\/div>\n","protected":false},"excerpt":{"rendered":"","protected":false},"author":1,"featured_media":0,"parent":0,"menu_order":0,"comment_status":"closed","ping_status":"closed","template":"","meta":[],"_links":{"self":[{"href":"https:\/\/new.fredericmartel.com\/es\/wp-json\/wp\/v2\/pages\/1619"}],"collection":[{"href":"https:\/\/new.fredericmartel.com\/es\/wp-json\/wp\/v2\/pages"}],"about":[{"href":"https:\/\/new.fredericmartel.com\/es\/wp-json\/wp\/v2\/types\/page"}],"author":[{"embeddable":true,"href":"https:\/\/new.fredericmartel.com\/es\/wp-json\/wp\/v2\/users\/1"}],"replies":[{"embeddable":true,"href":"https:\/\/new.fredericmartel.com\/es\/wp-json\/wp\/v2\/comments?post=1619"}],"version-history":[{"count":1,"href":"https:\/\/new.fredericmartel.com\/es\/wp-json\/wp\/v2\/pages\/1619\/revisions"}],"predecessor-version":[{"id":1620,"href":"https:\/\/new.fredericmartel.com\/es\/wp-json\/wp\/v2\/pages\/1619\/revisions\/1620"}],"wp:attachment":[{"href":"https:\/\/new.fredericmartel.com\/es\/wp-json\/wp\/v2\/media?parent=1619"}],"curies":[{"name":"wp","href":"https:\/\/api.w.org\/{rel}","templated":true}]}}