{"id":356,"date":"2021-06-22T23:19:16","date_gmt":"2021-06-22T23:19:16","guid":{"rendered":"http:\/\/new.fredericmartel.com\/biografia\/"},"modified":"2022-02-16T11:40:44","modified_gmt":"2022-02-16T11:40:44","slug":"biografia","status":"publish","type":"page","link":"https:\/\/new.fredericmartel.com\/es\/biografia\/","title":{"rendered":"Biograf\u00eda"},"content":{"rendered":"<div class=\"fusion-fullwidth fullwidth-box fusion-builder-row-1 fusion-flex-container nonhundred-percent-fullwidth non-hundred-percent-height-scrolling\" style=\"background-color: rgba(255,255,255,0);background-position: center center;background-repeat: no-repeat;border-width: 0px 0px 0px 0px;border-color:#e2e2e2;border-style:solid;\" ><div class=\"fusion-builder-row fusion-row fusion-flex-align-items-flex-start\" style=\"max-width:1248px;margin-left: calc(-4% \/ 2 );margin-right: calc(-4% \/ 2 );\"><div class=\"fusion-layout-column fusion_builder_column fusion-builder-column-0 fusion_builder_column_1_3 1_3 fusion-flex-column\"><div class=\"fusion-column-wrapper fusion-flex-justify-content-flex-start fusion-content-layout-column\" style=\"background-position:left top;background-repeat:no-repeat;-webkit-background-size:cover;-moz-background-size:cover;-o-background-size:cover;background-size:cover;padding: 0px 0px 0px 0px;\"><div ><span class=\" fusion-imageframe imageframe-none imageframe-1 hover-type-none\"><img width=\"1000\" height=\"1498\" alt=\"Fr\u00e9d\u00e9ric Martel\" title=\"Frederic-Martel-portrait\" src=\"http:\/\/new.fredericmartel.com\/wp-content\/uploads\/2022\/02\/Frederic-Martel-portrait.png\" class=\"img-responsive wp-image-1782\" srcset=\"https:\/\/new.fredericmartel.com\/wp-content\/uploads\/2022\/02\/Frederic-Martel-portrait-200x300.png 200w, https:\/\/new.fredericmartel.com\/wp-content\/uploads\/2022\/02\/Frederic-Martel-portrait-400x599.png 400w, https:\/\/new.fredericmartel.com\/wp-content\/uploads\/2022\/02\/Frederic-Martel-portrait-600x899.png 600w, https:\/\/new.fredericmartel.com\/wp-content\/uploads\/2022\/02\/Frederic-Martel-portrait-800x1198.png 800w, https:\/\/new.fredericmartel.com\/wp-content\/uploads\/2022\/02\/Frederic-Martel-portrait.png 1000w\" sizes=\"(max-width: 640px) 100vw, 400px\" \/><\/span><\/div><\/div><style type=\"text\/css\">.fusion-body .fusion-builder-column-0{width:33.333333333333% !important;margin-top : 0px;margin-bottom : 20px;}.fusion-builder-column-0 > .fusion-column-wrapper {padding-top : 0px !important;padding-right : 0px !important;margin-right : 5.76%;padding-bottom : 0px !important;padding-left : 0px !important;margin-left : 5.76%;}@media only screen and (max-width:1024px) {.fusion-body .fusion-builder-column-0{width:33.333333333333% !important;order : 0;}.fusion-builder-column-0 > .fusion-column-wrapper {margin-right : 5.76%;margin-left : 5.76%;}}@media only screen and (max-width:640px) {.fusion-body .fusion-builder-column-0{width:100% !important;order : 0;}.fusion-builder-column-0 > .fusion-column-wrapper {margin-right : 1.92%;margin-left : 1.92%;}}<\/style><\/div><div class=\"fusion-layout-column fusion_builder_column fusion-builder-column-1 fusion_builder_column_2_3 2_3 fusion-flex-column\"><div class=\"fusion-column-wrapper fusion-flex-justify-content-flex-start fusion-content-layout-column\" style=\"background-position:left top;background-repeat:no-repeat;-webkit-background-size:cover;-moz-background-size:cover;-o-background-size:cover;background-size:cover;padding: 0px 0px 0px 0px;\"><div class=\"fusion-text fusion-text-1\"><p>Fr\u00e9d\u00e9ric Martel es investigador y escritor. Es doctor en Ciencias Sociales y ha realizado cuatro m\u00e1steres en Derecho, Ciencias Pol\u00edticas, Filosof\u00eda y Ciencias Sociales (Universidad de La Sorbona). Ha sido profesor visitante en la Universidad de Harvard y ha ense\u00f1ado en Sciences Po y en la Escuela de Negocios de HEC, en Par\u00eds.<\/p>\n<p>Es autor de una decena de libros, entre los cuales destacan <a href=\"https:\/\/new.fredericmartel.com\/es\/books\/on-culture-in-america\/\"><em>De la culture en Am\u00e9rique <\/em><\/a>(Gallimard, 2006), el <em>best seller <a href=\"https:\/\/new.fredericmartel.com\/es\/books\/mainstream\/\">Cultura Mainstream<\/a>\u00a0<\/em>(Flammarion, 2010; Taurus, 2011; traducido en 20 pa\u00edses) y <em><a href=\"https:\/\/new.fredericmartel.com\/es\/books\/smart\/\">Smart. Internet(s)<\/a>\u00a0<\/em>(Stock, 2014; Taurus, 2014).<\/p>\n<p>Como periodista, Fr\u00e9d\u00e9ric Martel conduce el programa semanal <em><a href=\"http:\/\/www.franceculture.fr\/emission-soft-power-1\" target=\"_blank\" rel=\"noopener\">Soft Power<\/a>\u00a0<\/em>en la\u00a0radio nacional p\u00fablica francesa (France Culture\/Radio France). Es colaborador y columnista de temas internacionales en\u00a0<a href=\"http:\/\/www.slate.fr\/source\/67601\/frederic-martel\" target=\"_blank\" rel=\"noreferrer noopener\">Slate.fr<\/a>.<\/p>\n<p>Es profesor (econom\u00edas creativas)\u00a0en la universidad <a href=\"https:\/\/www.zhdk.ch\/en\/person\/201202\" target=\"_blank\" rel=\"noopener\">ZHdK de Z\u00farich<\/a>, donde es director del <a href=\"https:\/\/www.zhdk.ch\/en\/departments\/dkv\/about-zcce-7315\" target=\"_blank\" rel=\"noopener\">Zurich Centre for Creative Economies (ZCCE)<\/a>. Ha sido investigador en el Centro de Estudios Internacionales (CERI) de Sciences Po, en Par\u00eds, y asesor de la Comisi\u00f3n Europea, donde tambi\u00e9n fue miembro del grupo de trabajo sobre asuntos culturales New Narrative for Europe.<\/p>\n<p>Su libro\u00a0<a href=\"https:\/\/new.fredericmartel.com\/es\/books\/in-the-closet-of-the-vatican\/\"><em>Sodoma<\/em><\/a>, publicado en 2019, ya se ha editado\u00a0en una veintena de idiomas, entre ellos en espa\u00f1ol, franc\u00e9s, ingl\u00e9s (bajo el t\u00edtulo\u00a0<em>In the Closet of the Vatican<\/em>), italiano, portugu\u00e9s (<em>No Arm\u00e1rio do Vaticano<\/em>), neerland\u00e9s, alem\u00e1n, rumano, esloveno, croata y b\u00falgaro. <em>Sodoma <\/em>es el n\u00famero uno en ventas en Francia, Portugal y los Pa\u00edses Bajos, y\u00a0<em>best seller\u00a0<\/em>en el Espa\u00f1a, el Reino Unido, Italia, Canad\u00e1, B\u00e9lgica y Australia, y ha ingresado a la lista de <em>best sellers<\/em> del\u00a0New York Times.<\/p>\n<p>Martel vive en Par\u00eds y, cada semana, viaja alrededor del mundo.<\/p>\n<\/div><\/div><style type=\"text\/css\">.fusion-body .fusion-builder-column-1{width:66.666666666667% !important;margin-top : 0px;margin-bottom : 20px;}.fusion-builder-column-1 > .fusion-column-wrapper {padding-top : 0px !important;padding-right : 0px !important;margin-right : 2.88%;padding-bottom : 0px !important;padding-left : 0px !important;margin-left : 2.88%;}@media only screen and (max-width:1024px) {.fusion-body .fusion-builder-column-1{width:66.666666666667% !important;order : 0;}.fusion-builder-column-1 > .fusion-column-wrapper {margin-right : 2.88%;margin-left : 2.88%;}}@media only screen and (max-width:640px) {.fusion-body .fusion-builder-column-1{width:100% !important;order : 0;}.fusion-builder-column-1 > .fusion-column-wrapper {margin-right : 1.92%;margin-left : 1.92%;}}<\/style><\/div><\/div><style type=\"text\/css\">.fusion-fullwidth.fusion-builder-row-1 a:not(.awb-custom-text-hover-color):not(.fusion-button):not(.fusion-builder-module-control):not(.fusion-social-network-icon):not(.fb-icon-element):not(.fusion-countdown-link):not(.fusion-rollover-link):not(.fusion-rollover-gallery):not(.fusion-button-bar):not(.add_to_cart_button):not(.show_details_button):not(.product_type_external):not(.fusion-view-cart):not(.fusion-quick-view):not(.fusion-rollover-title-link):not(.fusion-breadcrumb-link):hover, .fusion-fullwidth.fusion-builder-row-1 a:not(.awb-custom-text-hover-color):not(.fusion-button):not(.fusion-builder-module-control):not(.fusion-social-network-icon):not(.fb-icon-element):not(.fusion-countdown-link):not(.fusion-rollover-link):not(.fusion-rollover-gallery):not(.fusion-button-bar):not(.add_to_cart_button):not(.show_details_button):not(.product_type_external):not(.fusion-view-cart):not(.fusion-quick-view):not(.fusion-rollover-title-link):not(.fusion-breadcrumb-link):hover:before, .fusion-fullwidth.fusion-builder-row-1 a:not(.awb-custom-text-hover-color):not(.fusion-button):not(.fusion-builder-module-control):not(.fusion-social-network-icon):not(.fb-icon-element):not(.fusion-countdown-link):not(.fusion-rollover-link):not(.fusion-rollover-gallery):not(.fusion-button-bar):not(.add_to_cart_button):not(.show_details_button):not(.product_type_external):not(.fusion-view-cart):not(.fusion-quick-view):not(.fusion-rollover-title-link):not(.fusion-breadcrumb-link):hover:after {color: #d13b2e;}.fusion-fullwidth.fusion-builder-row-1 .pagination a.inactive:hover, .fusion-fullwidth.fusion-builder-row-1 .fusion-filters .fusion-filter.fusion-active a {border-color: #d13b2e;}.fusion-fullwidth.fusion-builder-row-1 .pagination .current {border-color: #d13b2e; background-color: #d13b2e;}.fusion-fullwidth.fusion-builder-row-1 .fusion-filters .fusion-filter.fusion-active a, .fusion-fullwidth.fusion-builder-row-1 .fusion-date-and-formats .fusion-format-box, .fusion-fullwidth.fusion-builder-row-1 .fusion-popover, .fusion-fullwidth.fusion-builder-row-1 .tooltip-shortcode {color: #d13b2e;}#wrapper .fusion-fullwidth.fusion-builder-row-1 .fusion-widget-area .fusion-vertical-menu-widget .menu li.current_page_ancestor > a, #wrapper .fusion-fullwidth.fusion-builder-row-1 .fusion-widget-area .fusion-vertical-menu-widget .menu li.current_page_ancestor > a:before, #wrapper .fusion-fullwidth.fusion-builder-row-1 .fusion-widget-area .fusion-vertical-menu-widget .current-menu-item > a, #wrapper .fusion-fullwidth.fusion-builder-row-1 .fusion-widget-area .fusion-vertical-menu-widget .current-menu-item > a:before, #wrapper .fusion-fullwidth.fusion-builder-row-1 .fusion-widget-area .fusion-vertical-menu-widget .current_page_item > a, #wrapper .fusion-fullwidth.fusion-builder-row-1 .fusion-widget-area .fusion-vertical-menu-widget .current_page_item > a:before {color: #d13b2e;}#wrapper .fusion-fullwidth.fusion-builder-row-1 .fusion-widget-area .widget_nav_menu .menu li.current_page_ancestor > a, #wrapper .fusion-fullwidth.fusion-builder-row-1 .fusion-widget-area .widget_nav_menu .menu li.current_page_ancestor > a:before, #wrapper .fusion-fullwidth.fusion-builder-row-1 .fusion-widget-area .widget_nav_menu .current-menu-item > a, #wrapper .fusion-fullwidth.fusion-builder-row-1 .fusion-widget-area .widget_nav_menu .current-menu-item > a:before, #wrapper .fusion-fullwidth.fusion-builder-row-1 .fusion-widget-area .widget_nav_menu .current_page_item > a, #wrapper .fusion-fullwidth.fusion-builder-row-1 .fusion-widget-area .widget_nav_menu .current_page_item > a:before {color: #d13b2e;}#wrapper .fusion-fullwidth.fusion-builder-row-1 .fusion-vertical-menu-widget .menu li.current_page_item > a { border-right-color:#d13b2e;border-left-color:#d13b2e;}#wrapper .fusion-fullwidth.fusion-builder-row-1 .fusion-widget-area .tagcloud a:hover { color: #fff; background-color: #d13b2e;border-color: #d13b2e;}#main .fusion-fullwidth.fusion-builder-row-1 .post .blog-shortcode-post-title a:hover {color: #d13b2e;}.fusion-body .fusion-flex-container.fusion-builder-row-1{ padding-top : 0px;margin-top : 0px;padding-right : 0px;padding-bottom : 0px;margin-bottom : 0px;padding-left : 0px;}<\/style><\/div>\n","protected":false},"excerpt":{"rendered":"","protected":false},"author":1,"featured_media":0,"parent":0,"menu_order":0,"comment_status":"closed","ping_status":"closed","template":"","meta":[],"_links":{"self":[{"href":"https:\/\/new.fredericmartel.com\/es\/wp-json\/wp\/v2\/pages\/356"}],"collection":[{"href":"https:\/\/new.fredericmartel.com\/es\/wp-json\/wp\/v2\/pages"}],"about":[{"href":"https:\/\/new.fredericmartel.com\/es\/wp-json\/wp\/v2\/types\/page"}],"author":[{"embeddable":true,"href":"https:\/\/new.fredericmartel.com\/es\/wp-json\/wp\/v2\/users\/1"}],"replies":[{"embeddable":true,"href":"https:\/\/new.fredericmartel.com\/es\/wp-json\/wp\/v2\/comments?post=356"}],"version-history":[{"count":12,"href":"https:\/\/new.fredericmartel.com\/es\/wp-json\/wp\/v2\/pages\/356\/revisions"}],"predecessor-version":[{"id":1788,"href":"https:\/\/new.fredericmartel.com\/es\/wp-json\/wp\/v2\/pages\/356\/revisions\/1788"}],"wp:attachment":[{"href":"https:\/\/new.fredericmartel.com\/es\/wp-json\/wp\/v2\/media?parent=356"}],"curies":[{"name":"wp","href":"https:\/\/api.w.org\/{rel}","templated":true}]}}