{"id":431,"date":"2021-06-14T13:57:58","date_gmt":"2021-06-14T13:57:58","guid":{"rendered":"http:\/\/new.fredericmartel.com\/mainstream\/"},"modified":"2022-02-12T12:50:08","modified_gmt":"2022-02-12T12:50:08","slug":"mainstream","status":"publish","type":"page","link":"https:\/\/new.fredericmartel.com\/es\/books\/mainstream\/","title":{"rendered":"Cultura Mainstream"},"content":{"rendered":"<div class=\"fusion-fullwidth fullwidth-box fusion-builder-row-1 fusion-flex-container nonhundred-percent-fullwidth non-hundred-percent-height-scrolling\" style=\"background-color: rgba(255,255,255,0);background-position: center center;background-repeat: no-repeat;border-width: 0px 0px 0px 0px;border-color:#e2e2e2;border-style:solid;\" ><div class=\"fusion-builder-row fusion-row fusion-flex-align-items-flex-start\" style=\"max-width:1248px;margin-left: calc(-4% \/ 2 );margin-right: calc(-4% \/ 2 );\"><div class=\"fusion-layout-column fusion_builder_column fusion-builder-column-0 fusion_builder_column_1_4 1_4 fusion-flex-column\"><div class=\"fusion-column-wrapper fusion-flex-justify-content-flex-start fusion-content-layout-column\" style=\"background-position:left top;background-repeat:no-repeat;-webkit-background-size:cover;-moz-background-size:cover;-o-background-size:cover;background-size:cover;padding: 0px 0px 0px 0px;\"><div ><span class=\" fusion-imageframe imageframe-none imageframe-1 hover-type-none\" style=\"border:1px solid #e2e2e2;\"><img width=\"638\" height=\"1024\" alt=\"Cultura Mainstream\" title=\"Cultura Mainstream\" src=\"http:\/\/new.fredericmartel.com\/wp-content\/uploads\/2022\/02\/mainstream-1-638x1024.jpeg\" class=\"img-responsive wp-image-1261\" srcset=\"https:\/\/new.fredericmartel.com\/wp-content\/uploads\/2022\/02\/mainstream-1-200x321.jpeg 200w, https:\/\/new.fredericmartel.com\/wp-content\/uploads\/2022\/02\/mainstream-1-400x642.jpeg 400w, https:\/\/new.fredericmartel.com\/wp-content\/uploads\/2022\/02\/mainstream-1-600x964.jpeg 600w, https:\/\/new.fredericmartel.com\/wp-content\/uploads\/2022\/02\/mainstream-1.jpeg 650w\" sizes=\"(max-width: 640px) 100vw, 400px\" \/><\/span><\/div><\/div><style type=\"text\/css\">.fusion-body .fusion-builder-column-0{width:25% !important;margin-top : 0px;margin-bottom : 18px;}.fusion-builder-column-0 > .fusion-column-wrapper {padding-top : 0px !important;padding-right : 0px !important;margin-right : 7.68%;padding-bottom : 0px !important;padding-left : 0px !important;margin-left : 7.68%;}@media only screen and (max-width:1024px) {.fusion-body .fusion-builder-column-0{width:25% !important;order : 0;}.fusion-builder-column-0 > .fusion-column-wrapper {margin-right : 7.68%;margin-left : 7.68%;}}@media only screen and (max-width:640px) {.fusion-body .fusion-builder-column-0{width:100% !important;order : 0;}.fusion-builder-column-0 > .fusion-column-wrapper {margin-right : 1.92%;margin-left : 1.92%;}}<\/style><\/div><div class=\"fusion-layout-column fusion_builder_column fusion-builder-column-1 fusion_builder_column_3_4 3_4 fusion-flex-column\"><div class=\"fusion-column-wrapper fusion-flex-justify-content-flex-start fusion-content-layout-column\" style=\"background-position:left top;background-repeat:no-repeat;-webkit-background-size:cover;-moz-background-size:cover;-o-background-size:cover;background-size:cover;padding: 0px 0px 0px 0px;\"><style type=\"text\/css\">.fusion-accordian  #accordion-431-1 .panel-title a .fa-fusion-box{ color: #ff8989;}.fusion-accordian  #accordion-431-1 .panel-title a .fa-fusion-box:before{ font-size: 16px; width: 16px;}.fusion-accordian  #accordion-431-1 .panel-title a{font-size:28px;}.fusion-accordian  #accordion-431-1 .panel-title a:hover, #accordion-431-1 .fusion-toggle-boxed-mode:hover .panel-title a { color: #ff5b5b;}.fusion-accordian  #accordion-431-1 .fusion-toggle-boxed-mode:hover .panel-title a .fa-fusion-box{ color: #ff5b5b;}.fusion-accordian  #accordion-431-1.fusion-toggle-icon-unboxed .fusion-panel .panel-title a:hover .fa-fusion-box{ color: #ff5b5b !important;}<\/style><div class=\"accordian fusion-accordian\"><div class=\"panel-group fusion-toggle-icon-unboxed\" id=\"accordion-431-1\"><div class=\"fusion-panel panel-default\"><div class=\"panel-heading\"><h4 class=\"panel-title toggle\"><a class=\"active\" aria-expanded=\"true\" aria-controls=\"aa68ff9bef2677814\" role=\"button\" data-toggle=\"collapse\" data-target=\"#aa68ff9bef2677814\" href=\"#aa68ff9bef2677814\"><span class=\"fusion-toggle-icon-wrapper\" aria-hidden=\"true\"><i class=\"fa-fusion-box\" aria-hidden=\"true\"><\/i><\/span><span class=\"fusion-toggle-heading\">Pr\u00f3logo<\/span><\/a><\/h4><\/div><div id=\"aa68ff9bef2677814\" class=\"panel-collapse collapse in\"><div class=\"panel-body toggle-content fusion-clearfix\">\n<p><a href=\"http:\/\/new.fredericmartel.com\/es\/state-of-the-arts-cartographie-dune-discipline-en-reinvention-la-politique-culturelle-preface-a-la-nouvelle-edition-de-mainstream\/\">Nuevo pr\u00f3logo de la reedici\u00f3n francesa (2020) y bibliograf\u00eda<\/a> (en franc\u00e9s)<\/p>\n<p><a href=\"https:\/\/www.megustaleerenespanol.com\/libros\/cultura-mainstream-cmo-nacen-los-fenmenos-de-masas\/MES-062126\/fragmento\" target=\"_blank\" rel=\"noopener\">Pr\u00f3logo de la primera edici\u00f3n<\/a>\u00a0(en castellano)<\/p>\n<\/div><\/div><\/div><div class=\"fusion-panel panel-default\"><div class=\"panel-heading\"><h4 class=\"panel-title toggle\"><a class=\"active\" aria-expanded=\"true\" aria-controls=\"a64c85cee4ef1a54d\" role=\"button\" data-toggle=\"collapse\" data-target=\"#a64c85cee4ef1a54d\" href=\"#a64c85cee4ef1a54d\"><span class=\"fusion-toggle-icon-wrapper\" aria-hidden=\"true\"><i class=\"fa-fusion-box\" aria-hidden=\"true\"><\/i><\/span><span class=\"fusion-toggle-heading\">Fuentes y bibliograf\u00eda<\/span><\/a><\/h4><\/div><div id=\"a64c85cee4ef1a54d\" class=\"panel-collapse collapse in\"><div class=\"panel-body toggle-content fusion-clearfix\">\n<p><a href=\"http:\/\/new.fredericmartel.com\/wp-content\/uploads\/2022\/02\/NOTES-BAS-DE-PAGE.pdf\">Notas al pie<\/a> (en franc\u00e9s; pdf)<\/p>\n<p><a href=\"http:\/\/new.fredericmartel.com\/wp-content\/uploads\/2022\/02\/index-mainstream.xls\">\u00cdndice de nombres y temas<\/a> (en franc\u00e9s; xls)<\/p>\n<p><a href=\"http:\/\/new.fredericmartel.com\/wp-content\/uploads\/2022\/02\/personnes-intervieweesx-mainstream.pdf\">Lista de entrevistados<\/a> (en franc\u00e9s; pdf)<\/p>\n<p><a href=\"http:\/\/new.fredericmartel.com\/wp-content\/uploads\/2022\/02\/bibliographie-mainstream.pdf\">Bibliograf\u00eda<\/a> (en franc\u00e9s; pdf)<\/p>\n<p><a href=\"http:\/\/new.fredericmartel.com\/wp-content\/uploads\/2022\/02\/lexique-mainstream.pdf\">L\u00e9xico de terminos en ingl\u00e9s y extranjerismos utilizados\u00a0Mainstream<\/a> (en franc\u00e9s; pdf)<\/p>\n<\/div><\/div><\/div><\/div><\/div><\/div><style type=\"text\/css\">.fusion-body .fusion-builder-column-1{width:75% !important;margin-top : 0px;margin-bottom : 20px;}.fusion-builder-column-1 > .fusion-column-wrapper {padding-top : 0px !important;padding-right : 0px !important;margin-right : 2.56%;padding-bottom : 0px !important;padding-left : 0px !important;margin-left : 2.56%;}@media only screen and (max-width:1024px) {.fusion-body .fusion-builder-column-1{width:75% !important;order : 0;}.fusion-builder-column-1 > .fusion-column-wrapper {margin-right : 2.56%;margin-left : 2.56%;}}@media only screen and (max-width:640px) {.fusion-body .fusion-builder-column-1{width:100% !important;order : 0;}.fusion-builder-column-1 > .fusion-column-wrapper {margin-right : 1.92%;margin-left : 1.92%;}}<\/style><\/div><div class=\"fusion-layout-column fusion_builder_column fusion-builder-column-2 fusion_builder_column_1_4 1_4 fusion-flex-column\"><div class=\"fusion-column-wrapper fusion-flex-justify-content-flex-start fusion-content-layout-column\" style=\"background-position:left top;background-repeat:no-repeat;-webkit-background-size:cover;-moz-background-size:cover;-o-background-size:cover;background-size:cover;padding: 0px 0px 0px 0px;\"><div class=\"fusion-text fusion-text-1\"><p>Comprar en <a href=\"https:\/\/www.penguinlibros.com\/es\/economia-politica-y-actualidad\/28554-ebook-cultura-mainstream-como-nacen-los-fenomenos-de-masas?_gl=1*q4ip6y*_up*MQ..*_ga*MTc4NDU0NjI2NS4xNjQ0MTA0OTEz*_ga_NMYRVGRN30*MTY0NDEwNDkxMi4xLjEuMTY0NDEwNDkyMi4w\">Penguin Libros<\/a><\/p>\n<\/div><\/div><style type=\"text\/css\">.fusion-body .fusion-builder-column-2{width:25% !important;margin-top : 10px;margin-bottom : 20px;}.fusion-builder-column-2 > .fusion-column-wrapper {padding-top : 0px !important;padding-right : 0px !important;margin-right : 7.68%;padding-bottom : 0px !important;padding-left : 0px !important;margin-left : 7.68%;}@media only screen and (max-width:1024px) {.fusion-body .fusion-builder-column-2{width:25% !important;order : 0;}.fusion-builder-column-2 > .fusion-column-wrapper {margin-right : 7.68%;margin-left : 7.68%;}}@media only screen and (max-width:640px) {.fusion-body .fusion-builder-column-2{width:100% !important;order : 0;}.fusion-builder-column-2 > .fusion-column-wrapper {margin-right : 1.92%;margin-left : 1.92%;}}<\/style><\/div><\/div><style type=\"text\/css\">.fusion-fullwidth.fusion-builder-row-1 a:not(.awb-custom-text-hover-color):not(.fusion-button):not(.fusion-builder-module-control):not(.fusion-social-network-icon):not(.fb-icon-element):not(.fusion-countdown-link):not(.fusion-rollover-link):not(.fusion-rollover-gallery):not(.fusion-button-bar):not(.add_to_cart_button):not(.show_details_button):not(.product_type_external):not(.fusion-view-cart):not(.fusion-quick-view):not(.fusion-rollover-title-link):not(.fusion-breadcrumb-link):hover, .fusion-fullwidth.fusion-builder-row-1 a:not(.awb-custom-text-hover-color):not(.fusion-button):not(.fusion-builder-module-control):not(.fusion-social-network-icon):not(.fb-icon-element):not(.fusion-countdown-link):not(.fusion-rollover-link):not(.fusion-rollover-gallery):not(.fusion-button-bar):not(.add_to_cart_button):not(.show_details_button):not(.product_type_external):not(.fusion-view-cart):not(.fusion-quick-view):not(.fusion-rollover-title-link):not(.fusion-breadcrumb-link):hover:before, .fusion-fullwidth.fusion-builder-row-1 a:not(.awb-custom-text-hover-color):not(.fusion-button):not(.fusion-builder-module-control):not(.fusion-social-network-icon):not(.fb-icon-element):not(.fusion-countdown-link):not(.fusion-rollover-link):not(.fusion-rollover-gallery):not(.fusion-button-bar):not(.add_to_cart_button):not(.show_details_button):not(.product_type_external):not(.fusion-view-cart):not(.fusion-quick-view):not(.fusion-rollover-title-link):not(.fusion-breadcrumb-link):hover:after {color: #ff5b5b;}.fusion-fullwidth.fusion-builder-row-1 .pagination a.inactive:hover, .fusion-fullwidth.fusion-builder-row-1 .fusion-filters .fusion-filter.fusion-active a {border-color: #ff5b5b;}.fusion-fullwidth.fusion-builder-row-1 .pagination .current {border-color: #ff5b5b; background-color: #ff5b5b;}.fusion-fullwidth.fusion-builder-row-1 .fusion-filters .fusion-filter.fusion-active a, .fusion-fullwidth.fusion-builder-row-1 .fusion-date-and-formats .fusion-format-box, .fusion-fullwidth.fusion-builder-row-1 .fusion-popover, .fusion-fullwidth.fusion-builder-row-1 .tooltip-shortcode {color: #ff5b5b;}#wrapper .fusion-fullwidth.fusion-builder-row-1 .fusion-widget-area .fusion-vertical-menu-widget .menu li.current_page_ancestor > a, #wrapper .fusion-fullwidth.fusion-builder-row-1 .fusion-widget-area .fusion-vertical-menu-widget .menu li.current_page_ancestor > a:before, #wrapper .fusion-fullwidth.fusion-builder-row-1 .fusion-widget-area .fusion-vertical-menu-widget .current-menu-item > a, #wrapper .fusion-fullwidth.fusion-builder-row-1 .fusion-widget-area .fusion-vertical-menu-widget .current-menu-item > a:before, #wrapper .fusion-fullwidth.fusion-builder-row-1 .fusion-widget-area .fusion-vertical-menu-widget .current_page_item > a, #wrapper .fusion-fullwidth.fusion-builder-row-1 .fusion-widget-area .fusion-vertical-menu-widget .current_page_item > a:before {color: #ff5b5b;}#wrapper .fusion-fullwidth.fusion-builder-row-1 .fusion-widget-area .widget_nav_menu .menu li.current_page_ancestor > a, #wrapper .fusion-fullwidth.fusion-builder-row-1 .fusion-widget-area .widget_nav_menu .menu li.current_page_ancestor > a:before, #wrapper .fusion-fullwidth.fusion-builder-row-1 .fusion-widget-area .widget_nav_menu .current-menu-item > a, #wrapper .fusion-fullwidth.fusion-builder-row-1 .fusion-widget-area .widget_nav_menu .current-menu-item > a:before, #wrapper .fusion-fullwidth.fusion-builder-row-1 .fusion-widget-area .widget_nav_menu .current_page_item > a, #wrapper .fusion-fullwidth.fusion-builder-row-1 .fusion-widget-area .widget_nav_menu .current_page_item > a:before {color: #ff5b5b;}#wrapper .fusion-fullwidth.fusion-builder-row-1 .fusion-vertical-menu-widget .menu li.current_page_item > a { border-right-color:#ff5b5b;border-left-color:#ff5b5b;}#wrapper .fusion-fullwidth.fusion-builder-row-1 .fusion-widget-area .tagcloud a:hover { color: #fff; background-color: #ff5b5b;border-color: #ff5b5b;}#main .fusion-fullwidth.fusion-builder-row-1 .post .blog-shortcode-post-title a:hover {color: #ff5b5b;}.fusion-body .fusion-flex-container.fusion-builder-row-1{ padding-top : 0px;margin-top : 0px;padding-right : 0px;padding-bottom : 0px;margin-bottom : 0px;padding-left : 0px;}<\/style><\/div>\n","protected":false},"excerpt":{"rendered":"","protected":false},"author":1,"featured_media":0,"parent":454,"menu_order":0,"comment_status":"closed","ping_status":"closed","template":"","meta":[],"_links":{"self":[{"href":"https:\/\/new.fredericmartel.com\/es\/wp-json\/wp\/v2\/pages\/431"}],"collection":[{"href":"https:\/\/new.fredericmartel.com\/es\/wp-json\/wp\/v2\/pages"}],"about":[{"href":"https:\/\/new.fredericmartel.com\/es\/wp-json\/wp\/v2\/types\/page"}],"author":[{"embeddable":true,"href":"https:\/\/new.fredericmartel.com\/es\/wp-json\/wp\/v2\/users\/1"}],"replies":[{"embeddable":true,"href":"https:\/\/new.fredericmartel.com\/es\/wp-json\/wp\/v2\/comments?post=431"}],"version-history":[{"count":16,"href":"https:\/\/new.fredericmartel.com\/es\/wp-json\/wp\/v2\/pages\/431\/revisions"}],"predecessor-version":[{"id":1661,"href":"https:\/\/new.fredericmartel.com\/es\/wp-json\/wp\/v2\/pages\/431\/revisions\/1661"}],"up":[{"embeddable":true,"href":"https:\/\/new.fredericmartel.com\/es\/wp-json\/wp\/v2\/pages\/454"}],"wp:attachment":[{"href":"https:\/\/new.fredericmartel.com\/es\/wp-json\/wp\/v2\/media?parent=431"}],"curies":[{"name":"wp","href":"https:\/\/api.w.org\/{rel}","templated":true}]}}